{"id":3935,"date":"2018-11-18T19:48:32","date_gmt":"2018-11-18T19:48:32","guid":{"rendered":"http:\/\/www.lashsuperbooster.com\/?page_id=3935"},"modified":"2026-01-02T14:41:54","modified_gmt":"2026-01-02T12:41:54","slug":"tingimused","status":"publish","type":"page","link":"https:\/\/lamisuperbooster.com\/et\/tingimused\/","title":{"rendered":"Tingimused"},"content":{"rendered":"<h1 data-path-to-node=\"2\">Lami Super Booster e-poe \u00fcldtingimused<\/h1>\n<p data-path-to-node=\"3\"><b data-path-to-node=\"3\" data-index-in-node=\"0\">Viimati muudetud:<\/b> 2. jaanuar 2026<\/p>\n<h2 data-path-to-node=\"4\">1. \u00dclds\u00e4tted ja kehtivus<\/h2>\n<p data-path-to-node=\"5\">1.1 K\u00e4esolevad \u00fcldtingimused (edaspidi <b data-path-to-node=\"5\" data-index-in-node=\"39\">Tingimused<\/b>) reguleerivad \u00f5igussuhteid <b data-path-to-node=\"5\" data-index-in-node=\"77\">Paradiisi Ilu O\u00dc<\/b> (registrikood: 14453531, aadress: <b data-path-to-node=\"5\" data-index-in-node=\"128\">T\u00f6\u00f6stuse 99-8, 10416, Tallinn, Eesti<\/b>, edaspidi <b data-path-to-node=\"5\" data-index-in-node=\"175\">M\u00fc\u00fcja<\/b>) ning veebipoe <a class=\"ng-star-inserted\" href=\"http:\/\/www.lamisuperbooster.com\" target=\"_blank\" rel=\"noopener\">www.lamisuperbooster.com<\/a> (edaspidi <b data-path-to-node=\"5\" data-index-in-node=\"231\">e-pood<\/b>) kasutaja (edaspidi <b data-path-to-node=\"5\" data-index-in-node=\"258\">Ostja<\/b>) vahel.<\/p>\n<p data-path-to-node=\"5\">1.2 M\u00fc\u00fcjal on \u00f5igus Tingimusi igal ajal muuta. Tehingule kohandatakse tellimuse esitamise hetkel kehtinud Tingimusi.<\/p>\n<p data-path-to-node=\"5\">1.3 Lisaks k\u00e4esolevatele Tingimustele reguleerivad e-poest toodete ostmisel tekkivaid \u00f5igussuhteid Eesti Vabariigi seadused ja Euroopa Liidu \u00f5igusaktid.<\/p>\n<h2 data-path-to-node=\"6\">2. Tooteteave ja professionaalne kasutus<\/h2>\n<p data-path-to-node=\"7\">2.1 <b data-path-to-node=\"7\" data-index-in-node=\"4\">Illustratiivsed pildid:<\/b> Toote pildid on illustratiivse t\u00e4hendusega. Pakend v\u00f5i toote disainielemendid v\u00f5ivad v\u00e4hesel m\u00e4\u00e4ral erineda.<\/p>\n<p data-path-to-node=\"7\">2.2 <b data-path-to-node=\"7\" data-index-in-node=\"141\">Professionaalse kasutuse klausel:<\/b> Paljud e-poes m\u00fc\u00fcdavad tooted (nt ripsmete keemilise koolutamise s\u00fcsteemid) on m\u00f5eldud <b data-path-to-node=\"7\" data-index-in-node=\"262\">ainult professionaalseks kasutamiseks<\/b>. Tooteid ostes kinnitab Ostja, et tal on olemas vastav v\u00e4lja\u00f5pe ja kvalifikatsioon. M\u00fc\u00fcja ei vastuta kahjude eest, mis tulenevad toodete eba\u00f5igest kasutusest vastava v\u00e4lja\u00f5ppeta isikute poolt.<\/p>\n<p data-path-to-node=\"7\">2.3 <b data-path-to-node=\"7\" data-index-in-node=\"497\">Hinnad:<\/b> K\u00f5ik hinnad sisaldavad k\u00e4ibemaksu (kui see on kohalduv). Transpordimaksumus lisandub tellimuse vormistamise k\u00e4igus.<\/p>\n<h2 data-path-to-node=\"8\">3. Tellimuse vormistamine ja tasumine<\/h2>\n<p data-path-to-node=\"9\">3.1 <b data-path-to-node=\"9\" data-index-in-node=\"4\">M\u00fc\u00fcgilepingu s\u00f5lmimine:<\/b> M\u00fc\u00fcgileping loetakse s\u00f5lmituks hetkest, kui tellimus on esitatud ja kogu ostusumma on laekunud M\u00fc\u00fcja arvelduskontole.<\/p>\n<p data-path-to-node=\"9\">3.2 <b data-path-to-node=\"9\" data-index-in-node=\"150\">Maksete t\u00f6\u00f6tlemine:<\/b> Makseid vahendab <b data-path-to-node=\"9\" data-index-in-node=\"187\">EveryPay AS<\/b>. M\u00fc\u00fcja on isikuandmete vastutav t\u00f6\u00f6tleja ning edastab maksete teostamiseks vajalikud isikuandmed volitatud t\u00f6\u00f6tleja EveryPay AS-ile.<\/p>\n<p data-path-to-node=\"9\">3.3 <b data-path-to-node=\"9\" data-index-in-node=\"336\">\u00d5igus lepingust taganeda:<\/b> M\u00fc\u00fcjal on \u00f5igus m\u00fc\u00fcgitehingust taganeda, kui toote hind on sisestatud valesti (tehniline viga), toode on laost otsas v\u00f5i kui Ostja esitatud andmed on puudulikud.<\/p>\n<h2 data-path-to-node=\"10\">4. Kohaletoimetamine ja transport<\/h2>\n<p data-path-to-node=\"11\">4.1 <b data-path-to-node=\"11\" data-index-in-node=\"4\">Tellimuste v\u00e4ljastamine:<\/b> Tellimusi postitatakse esmasp\u00e4evast reedeni (v.a Eesti riigip\u00fchad). Enne kella 12:00 esitatud tellimused postitatakse tavaliselt samal t\u00f6\u00f6p\u00e4eval.<\/p>\n<p data-path-to-node=\"11\">4.2 <b data-path-to-node=\"11\" data-index-in-node=\"179\">Logistikapartnerid:<\/b><\/p>\n<ul data-path-to-node=\"12\">\n<li>\n<p data-path-to-node=\"12,0,0\"><b data-path-to-node=\"12,0,0\" data-index-in-node=\"0\">Eesti:<\/b> Itella SmartPost, Omniva, Unisend, DPD pakiautomaat.<\/p>\n<\/li>\n<li>\n<p data-path-to-node=\"12,1,0\"><b data-path-to-node=\"12,1,0\" data-index-in-node=\"0\">L\u00e4ti:<\/b> Unisend, Omniva, DPD pakiautomaat.<\/p>\n<\/li>\n<li>\n<p data-path-to-node=\"12,2,0\"><b data-path-to-node=\"12,2,0\" data-index-in-node=\"0\">Leedu:<\/b> Omniva, Unisend, DPD pakiautomaat.<\/p>\n<\/li>\n<li>\n<p data-path-to-node=\"12,3,0\"><b data-path-to-node=\"12,3,0\" data-index-in-node=\"0\">Soome ja Rootsi:<\/b> DPD Pickup punktid.<\/p>\n<\/li>\n<li>\n<p data-path-to-node=\"12,4,0\"><b data-path-to-node=\"12,4,0\" data-index-in-node=\"0\">Muu maailm:<\/b> Saadetakse l\u00e4bi <b data-path-to-node=\"12,4,0\" data-index-in-node=\"28\">MBE (Mail Boxes Etc.)<\/b> v\u00f5rgustiku, kasutades partnereid nagu FedEx, DHL jne.<\/p>\n<\/li>\n<li>\n<p data-path-to-node=\"12,4,0\">4.3 <b data-path-to-node=\"12,4,0\" data-index-in-node=\"108\">Vastutus:<\/b> Ostja vastutab esitatud tarneandmete t\u00e4psuse eest. Paradiisi Ilu O\u00dc ei vastuta viivituste eest, mis on tingitud kullerfirma t\u00f6\u00f6st v\u00f5i Ostja poolt esitatud ebakorrektsetest andmetest. 4.4<\/p>\n<\/li>\n<li>\n<p data-path-to-node=\"12,4,0\"><b data-path-to-node=\"12,4,0\" data-index-in-node=\"305\">V\u00e4ljav\u00f5tmata pakid:<\/b> Kui pakk tagastatakse M\u00fc\u00fcjale, kuna Ostja ei v\u00f5tnud seda hoiut\u00e4htaja jooksul (tavaliselt 7 p\u00e4eva) v\u00e4lja, on M\u00fc\u00fcjal \u00f5igus n\u00f5uda tagastuskulude h\u00fcvitamist ja tasaarveldada see tagastatava ostusummaga.<\/p>\n<\/li>\n<\/ul>\n<h2 data-path-to-node=\"13\">5. Taganemis\u00f5igus ja toodete tagastamine<\/h2>\n<p data-path-to-node=\"14\">5.1 <b data-path-to-node=\"14\" data-index-in-node=\"4\">14-p\u00e4evane taganemis\u00f5igus:<\/b> Vastavalt EL-i seadustele on eratarbijal \u00f5igus e-poest ostetud kaup tagastada 14 p\u00e4eva jooksul alates kauba k\u00e4ttesaamisest ilma p\u00f5hjust avaldamata.<\/p>\n<p data-path-to-node=\"14\">5.2 <b data-path-to-node=\"14\" data-index-in-node=\"183\">H\u00fcgieeni- ja tervisekaitse piirangud:<\/b> Tuginedes V\u00f5la\u00f5igusseadusele (V\u00d5S \u00a7 53 lg 4), <b data-path-to-node=\"14\" data-index-in-node=\"267\">ei kehti taganemis\u00f5igus<\/b> toodetele, mis:<\/p>\n<ul data-path-to-node=\"15\">\n<li>\n<p data-path-to-node=\"15,0,0\">On tarnitud suletud pakendis ja mis on p\u00e4rast kohaletoimetamist avatud.<\/p>\n<\/li>\n<li>\n<p data-path-to-node=\"15,1,0\">Ei ole k\u00f5lblikud tagasisaatmiseks tervisekaitse v\u00f5i h\u00fcgieenilistel p\u00f5hjustel.<\/p>\n<\/li>\n<li>\n<p data-path-to-node=\"15,1,0\">5.3 <b data-path-to-node=\"15,1,0\" data-index-in-node=\"82\">Vahetamine:<\/b> Me aktsepteerime <b data-path-to-node=\"15,1,0\" data-index-in-node=\"111\">avamata<\/b> toodete tagastamist juhul, kui klient soovib toodet vahetada (tingimusel, et toote pitseering ja pakend on kahjustamata).<\/p>\n<\/li>\n<li>\n<p data-path-to-node=\"15,1,0\">5.4 <b data-path-to-node=\"15,1,0\" data-index-in-node=\"245\">Puudustega kaup:<\/b> M\u00fc\u00fcja vastutab puudustega v\u00f5i defektsete toodete eest. Palume defektist teatada viivitamatult e-posti teel <b data-path-to-node=\"15,1,0\" data-index-in-node=\"369\">info@lamisuperbooster.com<\/b> koos fotodega puudusest.<\/p>\n<\/li>\n<li>\n<p data-path-to-node=\"15,1,0\">5.5 <b data-path-to-node=\"15,1,0\" data-index-in-node=\"424\">Tagastuskulud:<\/b> Kauba tagastamise otsesed kulud kannab Ostja, v\u00e4lja arvatud juhul, kui tagastatav kaup ei vasta tellitule v\u00f5i on defektne.<\/p>\n<\/li>\n<\/ul>\n<h2 data-path-to-node=\"16\">6. Vastutus ja v\u00e4\u00e4ramatu j\u00f5ud<\/h2>\n<p data-path-to-node=\"17\">6.1 M\u00fc\u00fcja vastutab toote n\u00f5uetele mittevastavuse eest kahe aasta jooksul alates toote \u00fcleandmisest tarbijale (\u00e4riklientide puhul on kaebuste esitamise aeg 1 kuu).<\/p>\n<p data-path-to-node=\"17\">6.2 M\u00fc\u00fcja ei vastuta:<\/p>\n<ul data-path-to-node=\"18\">\n<li>\n<p data-path-to-node=\"18,0,0\">Ostja s\u00fc\u00fcl toote halvenemise v\u00f5i kahjustumise eest.<\/p>\n<\/li>\n<li>\n<p data-path-to-node=\"18,1,0\">Toote mittesihip\u00e4rasest v\u00f5i valest kasutusest tingitud vigastuste eest.<\/p>\n<\/li>\n<li>\n<p data-path-to-node=\"18,2,0\"><b data-path-to-node=\"18,2,0\" data-index-in-node=\"0\">V\u00e4\u00e4ramatu j\u00f5ud:<\/b> Viivituste eest, mis on tingitud asjaoludest, mida M\u00fc\u00fcjal ei olnud v\u00f5imalik m\u00f5jutada (loodus\u00f5nnetused, streigid, tolliviivitused).<\/p>\n<\/li>\n<\/ul>\n<h2 data-path-to-node=\"19\">7. Intellektuaalne omand<\/h2>\n<p data-path-to-node=\"20\">7.1 Kogu veebilehel <a class=\"ng-star-inserted\" href=\"http:\/\/www.lamisuperbooster.com\" target=\"_blank\" rel=\"noopener\">www.lamisuperbooster.com<\/a> olev sisu, sealhulgas tekstid, graafika, logod ja pildid, kuuluvad Paradiisi Ilu O\u00dc-le. Sisu loata kopeerimine v\u00f5i kasutamine on rangelt keelatud.<\/p>\n<h2 data-path-to-node=\"21\">8. Isikuandmete kaitse<\/h2>\n<p data-path-to-node=\"22\">8.1 M\u00fc\u00fcja t\u00f6\u00f6tleb isikuandmeid koosk\u00f5las isikuandmete kaitse \u00fcldm\u00e4\u00e4rusega (GDPR). Andmeid kasutatakse ainult tellimuste t\u00e4itmiseks ja Ostja n\u00f5usolekul turunduslikul eesm\u00e4rgil.<\/p>\n<p data-path-to-node=\"22\">8.2 Kr\u00fcpteeritud andmesidepankadega ja maksekeskustega tagab Ostja isikuandmete ja pangarekvisiitide turvalisuse.<\/p>\n<h2 data-path-to-node=\"23\">9. Vaidluste lahendamine<\/h2>\n<p data-path-to-node=\"24\">9.1 Kui vaidlust ei \u00f5nnestu lahendada l\u00e4bir\u00e4\u00e4kimiste teel, on Ostjal \u00f5igus p\u00f6\u00f6rduda <b data-path-to-node=\"24\" data-index-in-node=\"84\">Tarbijakaitse ja Tehnilise J\u00e4relevalve Ameti<\/b> poole (Pronksi 12, 10117 Tallinn, <a class=\"ng-star-inserted\" href=\"http:\/\/www.ttja.ee\" target=\"_blank\" rel=\"noopener\">www.ttja.ee<\/a>).<\/p>\n<p data-path-to-node=\"24\">9.2 EL-i piires saab kaebusi esitada ka internetip\u00f5hise vaidluste lahendamise platvormi (ODR) kaudu: <a class=\"ng-star-inserted\" href=\"http:\/\/ec.europa.eu\/consumers\/odr\/\" target=\"_blank\" rel=\"noopener\">http:\/\/ec.europa.eu\/consumers\/odr\/<\/a>.<\/p>\n","protected":false},"excerpt":{"rendered":"<p>Lami Super Booster e-poe \u00fcldtingimused Viimati muudetud: 2. jaanuar 2026 1. \u00dclds\u00e4tted ja kehtivus 1.1 K\u00e4esolevad \u00fcldtingimused (edaspidi Tingimused) reguleerivad<\/p>\n","protected":false},"author":4,"featured_media":0,"parent":0,"menu_order":0,"comment_status":"closed","ping_status":"closed","template":"","meta":{"inline_featured_image":false,"_kad_blocks_custom_css":"","_kad_blocks_head_custom_js":"","_kad_blocks_body_custom_js":"","_kad_blocks_footer_custom_js":"","_kadence_starter_templates_imported_post":false,"footnotes":""},"class_list":["post-3935","page","type-page","status-publish","hentry"],"taxonomy_info":[],"featured_image_src_large":false,"author_info":{"display_name":"Maria Larionova","author_link":"https:\/\/lamisuperbooster.com\/et\/blog\/author\/kati\/"},"comment_info":0,"_links":{"self":[{"href":"https:\/\/lamisuperbooster.com\/et\/wp-json\/wp\/v2\/pages\/3935","targetHints":{"allow":["GET"]}}],"collection":[{"href":"https:\/\/lamisuperbooster.com\/et\/wp-json\/wp\/v2\/pages"}],"about":[{"href":"https:\/\/lamisuperbooster.com\/et\/wp-json\/wp\/v2\/types\/page"}],"author":[{"embeddable":true,"href":"https:\/\/lamisuperbooster.com\/et\/wp-json\/wp\/v2\/users\/4"}],"replies":[{"embeddable":true,"href":"https:\/\/lamisuperbooster.com\/et\/wp-json\/wp\/v2\/comments?post=3935"}],"version-history":[{"count":0,"href":"https:\/\/lamisuperbooster.com\/et\/wp-json\/wp\/v2\/pages\/3935\/revisions"}],"wp:attachment":[{"href":"https:\/\/lamisuperbooster.com\/et\/wp-json\/wp\/v2\/media?parent=3935"}],"curies":[{"name":"wp","href":"https:\/\/api.w.org\/{rel}","templated":true}]}}