{"id":25186,"date":"2024-05-28T09:59:28","date_gmt":"2024-05-28T07:59:28","guid":{"rendered":"https:\/\/lamisuperbooster.com\/private-label-lash-lift-glue\/"},"modified":"2025-08-01T11:59:02","modified_gmt":"2025-08-01T09:59:02","slug":"private-label-lash-lifti-liim","status":"publish","type":"page","link":"https:\/\/lamisuperbooster.com\/et\/private-label-lash-lifti-liim\/","title":{"rendered":"Private label lash lifti liim"},"content":{"rendered":"\n<p><br>Lami Super Booster on spetsialiseerunud k\u00f5rgekvaliteedilise <strong>lash lift liimi<\/strong> tootmisele br\u00e4ndidele, kes soovivad oma tootevalikut laiendada. Meie <em>private label<\/em> lash lifti liimid on loodud tagama suurep\u00e4raseid tulemusi, et sinu klientide kliendid saaksid nautida kauap\u00fcsivalt kaardus ripsmeid.<\/p>\n\n\n\n<h3 class=\"wp-block-heading\"><strong>Miks valida meie private label lash lifti liim?<\/strong><\/h3>\n\n\n\n<p><strong>Valmistatud Itaalias:<\/strong> Meie lash lifti liimid toodetakse eranditult Itaalias parimast toorainest, tagades k\u00f5rgeima kvaliteedi ja j\u00f5udluse.<\/p>\n\n\n\n<p><strong>Ekspertide loodud koostised:<\/strong> Meil on aastak\u00fcmnete pikkune kogemus ripsmetoodete valdkonnas. Meie kogenud tiim arendab hoolikalt l\u00e4bim\u00f5eldud koostiseid, mis eristuvad turul.<\/p>\n\n\n\n<p><strong>Range kvaliteedikontroll:<\/strong> J\u00e4rgime ISO 22716 h\u00e4id tootmistavasid ja viime l\u00e4bi p\u00f5hjalikke teste, et tagada iga toote laitmatus.<\/p>\n\n\n\n<p><strong>Mitmekesised pakendamisv\u00f5imalused:<\/strong> Vali erinevate pakendilahenduste hulgast. Villime liimi kotikestesse, tuubidesse v\u00f5i kliendi saadetud pakenditesse \u2013 just sinu br\u00e4ndi vajadustele vastavalt.<\/p>\n\n\n\n<figure class=\"wp-block-image size-full\"><img loading=\"lazy\" decoding=\"async\" width=\"1000\" height=\"1000\" src=\"https:\/\/lamisuperbooster.com\/wp-content\/uploads\/2024\/05\/LSB-private-label-lash-lift-glue-1.jpg\" alt=\"we specialise in providing high-quality private label lash lift glue for brands looking to expand their product offerings. Our lash lift adhesives are designed to deliver exceptional results, ensuring your clients enjoy long-lasting, beautiful lash lifts.\" class=\"wp-image-23013\" srcset=\"https:\/\/lamisuperbooster.com\/wp-content\/uploads\/2024\/05\/LSB-private-label-lash-lift-glue-1.jpg 1000w, https:\/\/lamisuperbooster.com\/wp-content\/uploads\/2024\/05\/LSB-private-label-lash-lift-glue-1-300x300.jpg 300w, https:\/\/lamisuperbooster.com\/wp-content\/uploads\/2024\/05\/LSB-private-label-lash-lift-glue-1-150x150.jpg 150w, https:\/\/lamisuperbooster.com\/wp-content\/uploads\/2024\/05\/LSB-private-label-lash-lift-glue-1-768x768.jpg 768w, https:\/\/lamisuperbooster.com\/wp-content\/uploads\/2024\/05\/LSB-private-label-lash-lift-glue-1-100x100.jpg 100w\" sizes=\"auto, (max-width: 1000px) 100vw, 1000px\" \/><\/figure>\n\n\n\n<p><\/p>\n\n\n\n<p><strong>Pakendamisv\u00f5imalused sinu lash lifti liimi jaoks<\/strong><\/p>\n\n\n\n<p>Pakume laia valikut pakendilahendusi, et kohandada liim vastavalt sinu br\u00e4ndi soovidele:<\/p>\n\n\n\n<p><strong>Kotikesed:<\/strong> Saadaval eri suurustes. Ideaalne \u00fchekordseks kasutamiseks. Vali ruudukujuliste, ristk\u00fclikukujuliste v\u00f5i unikaalse kujuga kotikeste vahel, et v\u00e4ljendada oma br\u00e4ndi isikup\u00e4ra.<\/p>\n\n\n\n<p><strong>Tuubid:<\/strong> Mugav ja h\u00fcgieeniline lahendus mitmekordseks kasutamiseks. Kohanda suurust ja disaini oma br\u00e4ndi identiteedile vastavaks.<\/p>\n\n\n\n<p>Soovi korral saame uurida ka erikujulisi ja eri materjalidest pakendilahendusi, et luua t\u00f5eliselt eksklusiivne v\u00e4limus, mis eristab sinu br\u00e4ndi.<\/p>\n\n\n\n<h3 class=\"wp-block-heading\"><strong>Sujuv private label protsess<\/strong><\/h3>\n\n\n\n<p>Koost\u00f6\u00f6 Lami Super Boosteriga on lihtne ja sujuv:<\/p>\n\n\n\n<ol start=\"1\" class=\"wp-block-list\">\n<li>Vali sobiv koostis meie t\u00f5husate lash lifti liimide valikust<\/li>\n\n\n\n<li>Vali eelistatud pakend <\/li>\n\n\n\n<li>Saada oma br\u00e4ndielemendid \u2013 logo ja kujundused<\/li>\n\n\n\n<li>Meie tiim hoolitseb tootmise, pakendamise eest kiire tarneajaga<\/li>\n\n\n\n<li>Aitame vajaliku dokumentatsiooniga toodete registreerimiseks erinevates riikides<\/li>\n<\/ol>\n\n\n\n<h3 class=\"wp-block-heading\"><strong>T\u00f5sta lash lifti teenuste taset<\/strong><\/h3>\n\n\n\n<p>Oma br\u00e4ndi lash lift liimiga saad:<\/p>\n\n\n\n<ul class=\"wp-block-list\">\n<li>Eristuda konkurentidest<\/li>\n\n\n\n<li>Suurendada klientide lojaalsust<\/li>\n\n\n\n<li>T\u00f5sta oma tuluvoogusid<\/li>\n\n\n\n<li>Tugevdada oma br\u00e4ndi usaldusv\u00e4\u00e4rsust lash lifti valdkonnas<\/li>\n<\/ul>\n\n\n\n<p><strong>Tee algust oma lash lifti liimiga kasutades private label teenust<\/strong><\/p>\n\n\n\n<p>Vali Lami Super Booster oma usaldusv\u00e4\u00e4rseks partneriks lash lifti liimi tootmises ja koge, kuidas meie kogemus ning kvaliteedile p\u00fchendumine aitavad kaasa sinu br\u00e4ndi edule.<\/p>\n\n\n\n<div class=\"forminator-guttenberg\"><div class=\"forminator-ui forminator-custom-form forminator-custom-form-22422 forminator-design--material  forminator_ajax\" data-forminator-render=\"0\" data-form=\"forminator-module-22422\" data-uid=\"69fe0ed999792\"><br\/><\/div><form\r\n\t\t\t\tid=\"forminator-module-22422\"\r\n\t\t\t\tclass=\"forminator-ui forminator-custom-form forminator-custom-form-22422 forminator-design--material  forminator_ajax\"\r\n\t\t\t\tmethod=\"post\"\r\n\t\t\t\tdata-forminator-render=\"0\"\r\n\t\t\t\tdata-form-id=\"22422\"\r\n\t\t\t\t data-color-option=\"default\" data-design=\"material\" data-grid=\"open\" style=\"display: none;\"\r\n\t\t\t\tdata-uid=\"69fe0ed999792\"\r\n\t\t\t><div role=\"alert\" aria-live=\"polite\" class=\"forminator-response-message forminator-error\" aria-hidden=\"true\"><\/div><div class=\"forminator-row\"><div id=\"text-1\" class=\"forminator-field-text forminator-col forminator-col-6 \"><div class=\"forminator-field\"><label for=\"forminator-field-text-1_69fe0ed999792\" id=\"forminator-field-text-1_69fe0ed999792-label\" class=\"forminator-label\">Your Name (required) <span class=\"forminator-required\">*<\/span><\/label><input type=\"text\" name=\"text-1\" value=\"\" placeholder=\"\" id=\"forminator-field-text-1_69fe0ed999792\" class=\"forminator-input forminator-name--field\" data-required=\"1\" \/><\/div><\/div><div id=\"email-1\" class=\"forminator-field-email forminator-col forminator-col-6 \"><div class=\"forminator-field\"><label for=\"forminator-field-email-1_69fe0ed999792\" id=\"forminator-field-email-1_69fe0ed999792-label\" class=\"forminator-label\">Your Email (required) <span class=\"forminator-required\">*<\/span><\/label><input type=\"email\" name=\"email-1\" value=\"\" placeholder=\"\" id=\"forminator-field-email-1_69fe0ed999792\" class=\"forminator-input forminator-email--field\" data-required=\"1\" aria-required=\"true\" autocomplete=\"email\" \/><\/div><\/div><\/div><div class=\"forminator-row\"><div id=\"phone-1\" class=\"forminator-field-phone forminator-col forminator-col-6 \"><div class=\"forminator-field\"><label for=\"forminator-field-phone-1_69fe0ed999792\" id=\"forminator-field-phone-1_69fe0ed999792-label\" class=\"forminator-label\">Phone <span class=\"forminator-required\">*<\/span><\/label><input type=\"text\" name=\"phone-1\" value=\"\" placeholder=\"E.g. +1 300 400 5000\" id=\"forminator-field-phone-1_69fe0ed999792\" class=\"forminator-input forminator-field--phone\" data-required=\"1\" aria-required=\"true\" autocomplete=\"off\" data-national_mode=\"disabled\" data-country=\"it\" data-validation=\"international\" \/><\/div><\/div><div id=\"text-2\" class=\"forminator-field-text forminator-col forminator-col-6 \"><div class=\"forminator-field\"><label for=\"forminator-field-text-2_69fe0ed999792\" id=\"forminator-field-text-2_69fe0ed999792-label\" class=\"forminator-label\">Company name <span class=\"forminator-required\">*<\/span><\/label><input type=\"text\" name=\"text-2\" value=\"\" placeholder=\"E.g. text placeholder\" id=\"forminator-field-text-2_69fe0ed999792\" class=\"forminator-input forminator-name--field\" data-required=\"1\" maxlength=\"60\" \/><span id=\"forminator-field-text-2_69fe0ed999792-description\" class=\"forminator-description\"><span data-limit=\"60\" data-type=\"characters\">0 \/ 60<\/span><\/span><\/div><\/div><\/div><div class=\"forminator-row\"><div id=\"url-1\" class=\"forminator-field-url forminator-col forminator-col-12 \"><div class=\"forminator-field\"><label for=\"forminator-field-url-1_69fe0ed999792\" id=\"forminator-field-url-1_69fe0ed999792-label\" class=\"forminator-label\">Website <span class=\"forminator-required\">*<\/span><\/label><input type=\"url\" name=\"url-1\" value=\"\" placeholder=\"E.g. http:\/\/www.example.com\" id=\"forminator-field-url-1_69fe0ed999792\" class=\"forminator-input forminator-website--field\" data-required=\"1\" aria-required=\"true\" aria-describedby=\"forminator-field-url-1_69fe0ed999792-description\" \/><span id=\"forminator-field-url-1_69fe0ed999792-description\" class=\"forminator-description\">Company website or social media link<\/span><\/div><\/div><\/div><div class=\"forminator-row\"><div id=\"textarea-1\" class=\"forminator-field-textarea forminator-col forminator-col-12 \"><div class=\"forminator-field\"><label for=\"forminator-field-textarea-1_69fe0ed999792\" id=\"forminator-field-textarea-1_69fe0ed999792-label\" class=\"forminator-label\">Your Message<\/label><textarea name=\"textarea-1\" placeholder=\"\" id=\"forminator-field-textarea-1_69fe0ed999792\" class=\"forminator-textarea\" rows=\"6\" style=\"--forminator-textarea-min-height:140px;\" ><\/textarea><\/div><\/div><\/div><div class=\"forminator-row\" style=\"margin: 0;\"><div id=\"captcha-1\" class=\"forminator-field-captcha  forminator-col-12 \"><div class=\"forminator-captcha-left forminator-g-recaptcha recaptcha-invisible\" data-theme=\"light\" data-badge=\"bottomright\" data-sitekey=\"6LcKyqooAAAAANGB1TvLXGGQSKOQrxSOrMsoH9NU\" data-size=\"invisible\"><\/div> <\/div><\/div><input type=\"hidden\" name=\"referer_url\" value=\"\" \/><div class=\"forminator-row forminator-row-last\"><div class=\"forminator-col\"><div class=\"forminator-field\"><button class=\"forminator-button forminator-button-submit btn btn-color-primary\"><span>SEND A MESSAGE<\/span><span aria-hidden=\"true\"><\/span><\/button><\/div><\/div><\/div><input type=\"hidden\" id=\"forminator_nonce\" name=\"forminator_nonce\" value=\"b45521029d\" \/><input type=\"hidden\" name=\"_wp_http_referer\" value=\"\/et\/wp-json\/wp\/v2\/pages\/25186\" \/><input type=\"hidden\" name=\"form_id\" value=\"22422\"><input type=\"hidden\" name=\"page_id\" value=\"25186\"><input type=\"hidden\" name=\"form_type\" value=\"default\"><input type=\"hidden\" name=\"current_url\" value=\"https:\/\/lamisuperbooster.com\/et\/private-label-lash-lifti-liim\/\"><input type=\"hidden\" name=\"render_id\" value=\"0\"><input type=\"hidden\" name=\"action\" value=\"forminator_submit_form_custom-forms\"><label for=\"input_7\" class=\"forminator-hidden\" aria-hidden=\"true\">Please do not fill in this field. <input id=\"input_7\" type=\"text\" name=\"input_7\" value=\"\" autocomplete=\"off\"><\/label><\/form><\/div>\n","protected":false},"excerpt":{"rendered":"<p>Lami Super Booster on spetsialiseerunud k\u00f5rgekvaliteedilise lash lift liimi tootmisele br\u00e4ndidele, kes soovivad oma tootevalikut laiendada. Meie private label lash<\/p>\n","protected":false},"author":4,"featured_media":0,"parent":0,"menu_order":0,"comment_status":"closed","ping_status":"closed","template":"","meta":{"inline_featured_image":false,"_kad_blocks_custom_css":"","_kad_blocks_head_custom_js":"","_kad_blocks_body_custom_js":"","_kad_blocks_footer_custom_js":"","_kadence_starter_templates_imported_post":false,"footnotes":""},"class_list":["post-25186","page","type-page","status-publish","hentry"],"taxonomy_info":[],"featured_image_src_large":false,"author_info":{"display_name":"Maria Larionova","author_link":"https:\/\/lamisuperbooster.com\/et\/blog\/author\/kati\/"},"comment_info":0,"_links":{"self":[{"href":"https:\/\/lamisuperbooster.com\/et\/wp-json\/wp\/v2\/pages\/25186","targetHints":{"allow":["GET"]}}],"collection":[{"href":"https:\/\/lamisuperbooster.com\/et\/wp-json\/wp\/v2\/pages"}],"about":[{"href":"https:\/\/lamisuperbooster.com\/et\/wp-json\/wp\/v2\/types\/page"}],"author":[{"embeddable":true,"href":"https:\/\/lamisuperbooster.com\/et\/wp-json\/wp\/v2\/users\/4"}],"replies":[{"embeddable":true,"href":"https:\/\/lamisuperbooster.com\/et\/wp-json\/wp\/v2\/comments?post=25186"}],"version-history":[{"count":0,"href":"https:\/\/lamisuperbooster.com\/et\/wp-json\/wp\/v2\/pages\/25186\/revisions"}],"wp:attachment":[{"href":"https:\/\/lamisuperbooster.com\/et\/wp-json\/wp\/v2\/media?parent=25186"}],"curies":[{"name":"wp","href":"https:\/\/api.w.org\/{rel}","templated":true}]}}