{"id":25180,"date":"2024-05-28T10:26:53","date_gmt":"2024-05-28T08:26:53","guid":{"rendered":"https:\/\/lamisuperbooster.com\/private-label-lash-serum\/"},"modified":"2026-03-20T16:40:15","modified_gmt":"2026-03-20T14:40:15","slug":"private-label-ripsmeseerum","status":"publish","type":"page","link":"https:\/\/lamisuperbooster.com\/et\/private-label-ripsmeseerum\/","title":{"rendered":"Private label ripsmeseerumi tootja"},"content":{"rendered":"\n<p>Lami Super Booster on ripsmeseerumi tootja, kes pakub omam\u00e4rgi (private label) ja OEM-tootmist ilubr\u00e4ndidele, salongidele ja jaem\u00fc\u00fcjatele. Meie omam\u00e4rgi ripsmeseerumid on prostaglandiinivabad ning v\u00e4lja t\u00f6\u00f6tatud ja toodetud Itaalias. Saadaval alates 2000 \u00fchikust koos t\u00e4ieliku regulatiivse toega EL-i, USA ja rahvusvahelistele turgudele.  <\/p>\n\n<h2 class=\"wp-block-heading\">Ripsmeseerumi loomine<\/h2>\n\n<p>Loo suurep\u00e4rane jaem\u00fc\u00fcgitoode, mis paneb kliendid ikka ja j\u00e4lle tagasi tulema. V\u00f5id valida meie \u00fclistabiilsete, <strong>turustusvalmis koostiste<\/strong> hulgast, mis on rikastatud valdkonna juhtivate toimeainetega, v\u00f5i meie labor saab <strong>v\u00e4lja t\u00f6\u00f6tada t\u00e4iesti unikaalse koostise<\/strong>, mis on kohandatud sinu br\u00e4ndi spetsiifilistele eesm\u00e4rkidele. <\/p>\n\n<p>Meie koostised v\u00f5ivad sisaldada mitmesuguseid k\u00f5rgelt hinnatud toimeaineid, sealhulgas:<\/p>\n\n<ul class=\"wp-block-list\">\n<li><strong>Peptiidid:<\/strong> toetavad loomulikku karvakasvuts\u00fcklit ja tugevdavad ripsmefolliikulit.<\/li>\n\n\n\n<li><strong>Biotiin (vitamiin B7):<\/strong> tugevdab habrraid ripsmeid ja hoiab \u00e4ra enneaegset murdumist.<\/li>\n\n\n\n<li><strong>Keratiin:<\/strong> silub ja taastab ripsmekarva struktuurset terviklikkust.<\/li>\n\n\n\n<li><strong>Riisinus\u00f5li ja taimsed ekstraktid:<\/strong> s\u00fcgavaks niisutamiseks ja loomulikuks hooldamiseks.<\/li>\n<\/ul>\n\n<h2 class=\"wp-block-heading\">OEM\/ODM v\u00f5imalused br\u00e4ndidele ja edasim\u00fc\u00fcjatele<\/h2>\n\n<p>Juhtiva ripsmekasvu seerumite tootjana pakume t\u00e4ielikke OEM (Original Equipment Manufacturing) ja ODM (Original Design Manufacturing) lahendusi. Olenemata sellest, kas soovid oma tootevaliku laiendamiseks kiiresti lisada meie olemasolevaid t\u00f5husaid seerumeid oma kaubam\u00e4rgi alla v\u00f5i vajad usaldusv\u00e4\u00e4rset tootjat omaenda retsepti tootmiseks ja laiendamiseks, on meil sinu kasvu toetamiseks vajalik tootmisv\u00f5imekus ja teaduslik asjatundlikkus. <\/p>\n\n<figure class=\"wp-block-image size-full\"><img loading=\"lazy\" decoding=\"async\" width=\"1000\" height=\"1000\" src=\"https:\/\/lamisuperbooster.com\/wp-content\/uploads\/2024\/05\/LSB-private-label-lash-serum.jpg\" alt=\"Lami Super Booster on sinu usaldusv&#xE4;&#xE4;rne partner omam&#xE4;rgi ripsmeseerumi loomisel. Aitame su klientidel saavutada pikemad, tihedamad ja tervemad ripsmed.\" class=\"wp-image-23025\" srcset=\"https:\/\/lamisuperbooster.com\/wp-content\/uploads\/2024\/05\/LSB-private-label-lash-serum.jpg 1000w, https:\/\/lamisuperbooster.com\/wp-content\/uploads\/2024\/05\/LSB-private-label-lash-serum-300x300.jpg 300w, https:\/\/lamisuperbooster.com\/wp-content\/uploads\/2024\/05\/LSB-private-label-lash-serum-150x150.jpg 150w, https:\/\/lamisuperbooster.com\/wp-content\/uploads\/2024\/05\/LSB-private-label-lash-serum-768x768.jpg 768w, https:\/\/lamisuperbooster.com\/wp-content\/uploads\/2024\/05\/LSB-private-label-lash-serum-100x100.jpg 100w\" sizes=\"auto, (max-width: 1000px) 100vw, 1000px\" \/><\/figure>\n\n<h2 class=\"wp-block-heading\">Minimaalsed tellimiskogused ja tarneajad<\/h2>\n\n<p>Pakume l\u00e4bipaistvaid ja h\u00e4sti skaleeritavaid minimaalseid tellimiskoguseid nii kasvavatele ilubr\u00e4ndidele kui ka v\u00e4ljakujunenud jaem\u00fc\u00fcjatele:<\/p>\n\n<ul class=\"wp-block-list\">\n<li><strong>Standardsed seerumid (tuubid\/pudelid):<\/strong> minimaalne tellimus 2000 \u00fchikut turustusvalmis koostiste puhul.<\/li>\n\n\n\n<li><strong>Eritellimusel koostise v\u00e4ljat\u00f6\u00f6tamine:<\/strong> kui sinu br\u00e4nd vajab eritellimusel nullist loodud koostist, algab minimaalne tellimiskogus <strong>100 kilogrammist<\/strong>.<\/li>\n\n\n\n<li><strong>Tootmise teostusajad:<\/strong> tavap\u00e4rane tootmine ja t\u00e4itmine v\u00f5tab tavaliselt aega <strong>2\u20134 kuud<\/strong> p\u00e4rast koostise valimist, l\u00f5pliku kujunduse kinnitamist ja kohandatud pakendite saabumist meie lattu.<\/li>\n<\/ul>\n\n<h2 class=\"wp-block-heading\">Omam\u00e4rgi pakendid ripsmeseerumitele<\/h2>\n\n<p>Paista silma tiheda konkurentsiga poeriiulitel t\u00e4nu uuenduslikule ja funktsionaalsele pakendile. Teeme koost\u00f6\u00f6d \u00fclemaailmse tarnijate v\u00f5rgustikuga, et leida t\u00e4pselt selline aplikaatori stiil, mida sinu br\u00e4nd vajab: <\/p>\n\n<ul class=\"wp-block-list\">\n<li><strong>Laineri-stiilis tuubid:<\/strong> \u00fclipeente t\u00e4ppisaplikaatoritega, mis on m\u00f5eldud seerumi kandmiseks otse ripsmejuurele.<\/li>\n\n\n\n<li><strong>Ripsmetu\u0161i-stiilis pudelid:<\/strong> varustatud kohandatud harjadega, mis sobivad ideaalselt hooldavatele seerumitele, mis on m\u00f5eldud katma ripsmeid kogu pikkuses.<\/li>\n<\/ul>\n\n<h2 class=\"wp-block-heading\">Sertifikaadid ja vastavus regulatsioonidele<\/h2>\n\n<p>\u00dclemaailmsetes kosmeetikaeeskirjades orienteerumine v\u00f5ib uutele ilubr\u00e4ndidele olla suur takistus. Pakume igak\u00fclgset regulatiivset tuge, et tagada sinu toodete t\u00e4ielik vastavus jaem\u00fc\u00fcgiks. Meie meeskond esitab kogu vajaliku dokumentatsiooni, et aidata sind sujuvalt CPNP-registreerimisega EL-is ja sarnaste reguleerivate asutustega kogu maailmas.  <\/p>\n\n<h2 class=\"wp-block-heading\">Miks valida oma ripsmeseerumi tootjaks Lami Super Booster<\/h2>\n\n<ul class=\"wp-block-list\">\n<li><strong>Itaalia tippkvaliteet:<\/strong> k\u00f5ik meie ripsmeid turgutavad seerumid on v\u00e4lja t\u00f6\u00f6tatud ja toodetud eranditult Itaalias, kasutades esmaklassilist kosmeetilist toorainet.<\/li>\n\n\n\n<li><strong>Range kvaliteedikontroll:<\/strong> meie tootmis\u00fcksused on t\u00e4ielikult sertifitseeritud ja j\u00e4rgivad rangelt ISO 22716 hea tootmistava (GMP) n\u00f5udeid.<\/li>\n\n\n\n<li><strong>Kliinilised ja eksperttestid:<\/strong> iga partii l\u00e4bib meie laboriekspertide juures range ohutus- ja stabiilsustestimise, et tagada jaem\u00fc\u00fcgivalmis t\u00f5husus ja tarbijate ohutus.<\/li>\n\n\n\n<li><strong>Kiirus turule j\u00f5udmisel:<\/strong> kasuta meie \u00fclit\u00f5husaid tootmists\u00fckleid, mis on loodud sinu jaem\u00fc\u00fcgivarude j\u00e4rjepidevaks t\u00e4itmiseks.<\/li>\n<\/ul>\n\n<h2 class=\"wp-block-heading\">Laienda oma tootevalikut professionaalsete komplektidega<\/h2>\n\n<p>Lisaks jaem\u00fc\u00fcgi ripsmeseerumite tootmisele valmistame ka professionaalseid eram\u00e4rgise ripsmete ja kulmude lamineerimise komplekte. Koonda oma tarneahel, tehes meiega koost\u00f6\u00f6d nii professionaalsete salongitarvikute kui ka igap\u00e4evaste jaem\u00fc\u00fcgi j\u00e4relhooldustoodete osas. <\/p>\n\n<div class=\"forminator-ui forminator-custom-form forminator-custom-form-22422 forminator-design--material  forminator_ajax\" data-forminator-render=\"0\" data-form=\"forminator-module-22422\" data-uid=\"69fe0ebe110ce\"><br\/><\/div><form\r\n\t\t\t\tid=\"forminator-module-22422\"\r\n\t\t\t\tclass=\"forminator-ui forminator-custom-form forminator-custom-form-22422 forminator-design--material  forminator_ajax\"\r\n\t\t\t\tmethod=\"post\"\r\n\t\t\t\tdata-forminator-render=\"0\"\r\n\t\t\t\tdata-form-id=\"22422\"\r\n\t\t\t\t data-color-option=\"default\" data-design=\"material\" data-grid=\"open\" style=\"display: none;\"\r\n\t\t\t\tdata-uid=\"69fe0ebe110ce\"\r\n\t\t\t><div role=\"alert\" aria-live=\"polite\" class=\"forminator-response-message forminator-error\" aria-hidden=\"true\"><\/div><div class=\"forminator-row\"><div id=\"text-1\" class=\"forminator-field-text forminator-col forminator-col-6 \"><div class=\"forminator-field\"><label for=\"forminator-field-text-1_69fe0ebe110ce\" id=\"forminator-field-text-1_69fe0ebe110ce-label\" class=\"forminator-label\">Your Name (required) <span class=\"forminator-required\">*<\/span><\/label><input type=\"text\" name=\"text-1\" value=\"\" placeholder=\"\" id=\"forminator-field-text-1_69fe0ebe110ce\" class=\"forminator-input forminator-name--field\" data-required=\"1\" \/><\/div><\/div><div id=\"email-1\" class=\"forminator-field-email forminator-col forminator-col-6 \"><div class=\"forminator-field\"><label for=\"forminator-field-email-1_69fe0ebe110ce\" id=\"forminator-field-email-1_69fe0ebe110ce-label\" class=\"forminator-label\">Your Email (required) <span class=\"forminator-required\">*<\/span><\/label><input type=\"email\" name=\"email-1\" value=\"\" placeholder=\"\" id=\"forminator-field-email-1_69fe0ebe110ce\" class=\"forminator-input forminator-email--field\" data-required=\"1\" aria-required=\"true\" autocomplete=\"email\" \/><\/div><\/div><\/div><div class=\"forminator-row\"><div id=\"phone-1\" class=\"forminator-field-phone forminator-col forminator-col-6 \"><div class=\"forminator-field\"><label for=\"forminator-field-phone-1_69fe0ebe110ce\" id=\"forminator-field-phone-1_69fe0ebe110ce-label\" class=\"forminator-label\">Phone <span class=\"forminator-required\">*<\/span><\/label><input type=\"text\" name=\"phone-1\" value=\"\" placeholder=\"E.g. +1 300 400 5000\" id=\"forminator-field-phone-1_69fe0ebe110ce\" class=\"forminator-input forminator-field--phone\" data-required=\"1\" aria-required=\"true\" autocomplete=\"off\" data-national_mode=\"disabled\" data-country=\"it\" data-validation=\"international\" \/><\/div><\/div><div id=\"text-2\" class=\"forminator-field-text forminator-col forminator-col-6 \"><div class=\"forminator-field\"><label for=\"forminator-field-text-2_69fe0ebe110ce\" id=\"forminator-field-text-2_69fe0ebe110ce-label\" class=\"forminator-label\">Company name <span class=\"forminator-required\">*<\/span><\/label><input type=\"text\" name=\"text-2\" value=\"\" placeholder=\"E.g. text placeholder\" id=\"forminator-field-text-2_69fe0ebe110ce\" class=\"forminator-input forminator-name--field\" data-required=\"1\" maxlength=\"60\" \/><span id=\"forminator-field-text-2_69fe0ebe110ce-description\" class=\"forminator-description\"><span data-limit=\"60\" data-type=\"characters\">0 \/ 60<\/span><\/span><\/div><\/div><\/div><div class=\"forminator-row\"><div id=\"url-1\" class=\"forminator-field-url forminator-col forminator-col-12 \"><div class=\"forminator-field\"><label for=\"forminator-field-url-1_69fe0ebe110ce\" id=\"forminator-field-url-1_69fe0ebe110ce-label\" class=\"forminator-label\">Website <span class=\"forminator-required\">*<\/span><\/label><input type=\"url\" name=\"url-1\" value=\"\" placeholder=\"E.g. http:\/\/www.example.com\" id=\"forminator-field-url-1_69fe0ebe110ce\" class=\"forminator-input forminator-website--field\" data-required=\"1\" aria-required=\"true\" aria-describedby=\"forminator-field-url-1_69fe0ebe110ce-description\" \/><span id=\"forminator-field-url-1_69fe0ebe110ce-description\" class=\"forminator-description\">Company website or social media link<\/span><\/div><\/div><\/div><div class=\"forminator-row\"><div id=\"textarea-1\" class=\"forminator-field-textarea forminator-col forminator-col-12 \"><div class=\"forminator-field\"><label for=\"forminator-field-textarea-1_69fe0ebe110ce\" id=\"forminator-field-textarea-1_69fe0ebe110ce-label\" class=\"forminator-label\">Your Message<\/label><textarea name=\"textarea-1\" placeholder=\"\" id=\"forminator-field-textarea-1_69fe0ebe110ce\" class=\"forminator-textarea\" rows=\"6\" style=\"--forminator-textarea-min-height:140px;\" ><\/textarea><\/div><\/div><\/div><div class=\"forminator-row\" style=\"margin: 0;\"><div id=\"captcha-1\" class=\"forminator-field-captcha  forminator-col-12 \"><div class=\"forminator-captcha-left forminator-g-recaptcha recaptcha-invisible\" data-theme=\"light\" data-badge=\"bottomright\" data-sitekey=\"6LcKyqooAAAAANGB1TvLXGGQSKOQrxSOrMsoH9NU\" data-size=\"invisible\"><\/div> <\/div><\/div><input type=\"hidden\" name=\"referer_url\" value=\"\" \/><div class=\"forminator-row forminator-row-last\"><div class=\"forminator-col\"><div class=\"forminator-field\"><button class=\"forminator-button forminator-button-submit btn btn-color-primary\"><span>SEND A MESSAGE<\/span><span aria-hidden=\"true\"><\/span><\/button><\/div><\/div><\/div><input type=\"hidden\" id=\"forminator_nonce\" name=\"forminator_nonce\" value=\"b45521029d\" \/><input type=\"hidden\" name=\"_wp_http_referer\" value=\"\/et\/wp-json\/wp\/v2\/pages\/25180\" \/><input type=\"hidden\" name=\"form_id\" value=\"22422\"><input type=\"hidden\" name=\"page_id\" value=\"25180\"><input type=\"hidden\" name=\"form_type\" value=\"default\"><input type=\"hidden\" name=\"current_url\" value=\"https:\/\/lamisuperbooster.com\/et\/private-label-ripsmeseerum\/\"><input type=\"hidden\" name=\"render_id\" value=\"0\"><input type=\"hidden\" name=\"action\" value=\"forminator_submit_form_custom-forms\"><label for=\"input_7\" class=\"forminator-hidden\" aria-hidden=\"true\">Please do not fill in this field. <input id=\"input_7\" type=\"text\" name=\"input_7\" value=\"\" autocomplete=\"off\"><\/label><\/form><\/p>\n","protected":false},"excerpt":{"rendered":"<p>Lami Super Booster on ripsmeseerumi tootja, kes pakub omam\u00e4rgi (private label) ja OEM-tootmist ilubr\u00e4ndidele, salongidele ja jaem\u00fc\u00fcjatele. Meie omam\u00e4rgi ripsmeseerumid<\/p>\n","protected":false},"author":4,"featured_media":0,"parent":0,"menu_order":0,"comment_status":"closed","ping_status":"closed","template":"","meta":{"inline_featured_image":false,"_kad_blocks_custom_css":"","_kad_blocks_head_custom_js":"","_kad_blocks_body_custom_js":"","_kad_blocks_footer_custom_js":"","_kadence_starter_templates_imported_post":false,"footnotes":""},"class_list":["post-25180","page","type-page","status-publish","hentry"],"taxonomy_info":[],"featured_image_src_large":false,"author_info":{"display_name":"Maria Larionova","author_link":"https:\/\/lamisuperbooster.com\/et\/blog\/author\/kati\/"},"comment_info":0,"_links":{"self":[{"href":"https:\/\/lamisuperbooster.com\/et\/wp-json\/wp\/v2\/pages\/25180","targetHints":{"allow":["GET"]}}],"collection":[{"href":"https:\/\/lamisuperbooster.com\/et\/wp-json\/wp\/v2\/pages"}],"about":[{"href":"https:\/\/lamisuperbooster.com\/et\/wp-json\/wp\/v2\/types\/page"}],"author":[{"embeddable":true,"href":"https:\/\/lamisuperbooster.com\/et\/wp-json\/wp\/v2\/users\/4"}],"replies":[{"embeddable":true,"href":"https:\/\/lamisuperbooster.com\/et\/wp-json\/wp\/v2\/comments?post=25180"}],"version-history":[{"count":2,"href":"https:\/\/lamisuperbooster.com\/et\/wp-json\/wp\/v2\/pages\/25180\/revisions"}],"predecessor-version":[{"id":41234,"href":"https:\/\/lamisuperbooster.com\/et\/wp-json\/wp\/v2\/pages\/25180\/revisions\/41234"}],"wp:attachment":[{"href":"https:\/\/lamisuperbooster.com\/et\/wp-json\/wp\/v2\/media?parent=25180"}],"curies":[{"name":"wp","href":"https:\/\/api.w.org\/{rel}","templated":true}]}}