{"id":25176,"date":"2024-05-22T13:56:07","date_gmt":"2024-05-22T11:56:07","guid":{"rendered":"https:\/\/lamisuperbooster.com\/private-label-brow-products\/"},"modified":"2026-03-20T16:09:52","modified_gmt":"2026-03-20T14:09:52","slug":"private-label-kulmude-lamineerimine","status":"publish","type":"page","link":"https:\/\/lamisuperbooster.com\/et\/private-label-kulmude-lamineerimine\/","title":{"rendered":"Private label kulmude lamineerimise komplektid"},"content":{"rendered":"\n<p>Lami Super Booster on juhtiv OEM-tootja, kes toodab omam\u00e4rgi kulmude lamineerimise komplekte ilubr\u00e4ndidele, koolituskeskustele ja salongidele. Alates kulmukarvu pehmendavatest ja fikseerivatest losjoonidest kuni toitvate seerumite ja liimideni. Toodame Itaalias esmaklassilist kosmeetikat vastavalt ISO 22716 standarditele. <\/p>\n\n<h2 class=\"wp-block-heading\">Loo oma kulmude lamineerimise sari<\/h2>\n\n<p>Koosta t\u00e4ielik professionaalne kulmude lamineerimise komplekt, mis sobib ideaalselt sinu br\u00e4ndi filosoofiaga. Vali meie portfellist stabiilsed, <strong>turustusvalmis koostised<\/strong> v\u00f5i tee koost\u00f6\u00f6d meie laboriga, et <strong>v\u00e4lja t\u00f6\u00f6tada t\u00e4iesti unikaalne retsept<\/strong> sinu eelistatud koostisosadega. <\/p>\n\n<p>Olenemata sellest, kas lood lihtsat kaheetapilist s\u00fcsteemi v\u00f5i p\u00f5hjalikku meistrikomplekti, toodame k\u00f5ik vajalikud komponendid:<\/p>\n\n<ul class=\"wp-block-list\">\n<li><strong>1. ja 2. etapp (koolutus ja fikseerivad losjoonid):<\/strong> loodud selleks, et t\u00f5husalt ja ohutult muuta kangekaelsete ja tugevate kulmukarvade struktuuri. Vali meie traditsioonilised tiogl\u00fckoolhappel p\u00f5hinevad koostised kiireks tulemuseks v\u00f5i kiiretoimelised, kuid \u00f5rnad ts\u00fcsteamiin-HCl-p\u00f5hised losjoonid. <\/li>\n\n\n\n<li><strong>3. etapp (lamineerimiskreemid):<\/strong> oluline viimane samm veatu l\u00f5pptulemuse saavutamiseks. Meie s\u00fcgavniisutavad lamineerimiskreemid taastavad niiskustaseme, toidavad karvafolliikulit ja fikseerivad \u00fclesharjatud kulmud oma kohale. <\/li>\n\n\n\n<li><strong>Liimid:<\/strong> spetsiaalsed tugeva hoidvusega liimid, mis on loodud just paksude kulmukarvade kinnitamiseks keemilise t\u00f6\u00f6tlemise faasis.<\/li>\n\n\n\n<li><strong>Ettevalmistus ja jaem\u00fc\u00fck:<\/strong> toodame ka omam\u00e4rgi meigieemaldajaid ja vahte, lisaks meie n\u00f5utud <strong>kulmude hooldus- ja kasvuseerumitele<\/strong>, mis on m\u00f5eldud jaem\u00fc\u00fcgiks.<\/li>\n<\/ul>\n\n<figure class=\"wp-block-image size-large\"><img loading=\"lazy\" decoding=\"async\" width=\"1024\" height=\"683\" src=\"https:\/\/lamisuperbooster.com\/wp-content\/uploads\/2024\/05\/Private-Label-lash-lift-kits-Lami-Super-Booster-1024x683.jpeg\" alt=\"\" class=\"wp-image-22982\" srcset=\"https:\/\/lamisuperbooster.com\/wp-content\/uploads\/2024\/05\/Private-Label-lash-lift-kits-Lami-Super-Booster-1024x683.jpeg 1024w, https:\/\/lamisuperbooster.com\/wp-content\/uploads\/2024\/05\/Private-Label-lash-lift-kits-Lami-Super-Booster-300x200.jpeg 300w, https:\/\/lamisuperbooster.com\/wp-content\/uploads\/2024\/05\/Private-Label-lash-lift-kits-Lami-Super-Booster-768x512.jpeg 768w, https:\/\/lamisuperbooster.com\/wp-content\/uploads\/2024\/05\/Private-Label-lash-lift-kits-Lami-Super-Booster.jpeg 1500w\" sizes=\"auto, (max-width: 1024px) 100vw, 1024px\" \/><\/figure>\n\n<p>Minimaalsed tellimiskogused ja tootmisajad<\/p>\n\n<p>Meie minimaalsed tellimiskogused (MOQ) on selged ja l\u00e4bipaistvad, s\u00f5ltudes valitud pakendit\u00fc\u00fcbist ja tootest:<\/p>\n\n<p><strong>Turustusvalmis koostised:<\/strong><\/p>\n\n<ul class=\"wp-block-list\">\n<li><strong>Kotikesed (1., 2. v\u00f5i 3. etapi losjoonidele):<\/strong> minimaalne tellimus on 10 000 kotikest iga losjoonit\u00fc\u00fcbi kohta.<\/li>\n\n\n\n<li><strong>Airless-pudelid (losjoonidele v\u00f5i kreemidele):<\/strong> Minimaalne tellimus 2000 pudelit \u00fche losjoonit\u00fc\u00fcbi kohta.<\/li>\n\n\n\n<li><strong>Seerumid ja puhastusvahendid:<\/strong> minimaalne tellimus on 2000 \u00fchikut.<\/li>\n<\/ul>\n\n<p><strong>Eritellimusel koostise arendamine:<\/strong><\/p>\n\n<ul class=\"wp-block-list\">\n<li>Kui sinu br\u00e4nd vajab meie keemikute poolt nullist loodud eritellimusel koostist, algab miinimumkogus <strong>100 kilogrammist koostise kohta<\/strong>.<\/li>\n<\/ul>\n\n<p><strong>Tootmise teostusajad:<\/strong> tavap\u00e4rane tootmine ja pakendamine v\u00f5tab \u00fcldjuhul <strong>2\u20134 kuud<\/strong> p\u00e4rast koostiste ja kujunduse l\u00f5plikku kinnitamist ning pakendite saabumist meie lattu. Eritellimusel arendust\u00f6\u00f6 (R&amp;D) ajad on varieeruvad. <\/p>\n\n<h2 class=\"wp-block-heading\">Eripakendid ja disainilahendused<\/h2>\n\n<p>Sinu br\u00e4ndi visuaalne identiteet on sama oluline kui sisu. Pakume laias valikus erineva kujuga kotikesi ning <strong>meil on tugevad partnerlussuhted tipptasemel pakenditarnijatega<\/strong>, et pakkuda sinu visiooniga sobivaid \u00f5hukindlaid pudeleid, tuube jm. <\/p>\n\n<p><strong>Kotikeste tootmine:<\/strong> toodame laialdaselt kohandatavaid \u00fche- ja mitmekordseks kasutamiseks m\u00f5eldud pakendeid losjoonidele:<\/p>\n\n<ul class=\"wp-block-list\">\n<li>Traditsioonilised ruudu- ja ristk\u00fclikukujulised profiilid<\/li>\n\n\n\n<li>Erilised kujud: \u00fcmar, ampull, tempel, pisar ja p\u00e4rl<\/li>\n\n\n\n<li>Pudelikujulised siluetid (\u00fcmara v\u00f5i kandilise \u00fclaosaga)<\/li>\n<\/ul>\n\n<p><strong>Jaem\u00fc\u00fcgivalmis kaksikpakid (Euroslot):<\/strong> lihtsusta oma pakendamist meie \u00fchendatud kaksikkotikestega, millel on keskel vertikaalne perforatsioon. See on ideaalne viis 1. ja 2. etapi kulmulosjoonide koos pakendamiseks jaem\u00fc\u00fcgi v\u00f5i komplektide jaoks. <\/p>\n\n<ul class=\"wp-block-list\">\n<li><strong>Vertikaalne Euroslot:<\/strong> 60 x 140 kuni 170 mm (ainult vedelikud\/kreemid)<\/li>\n\n\n\n<li><strong>Horisontaalne Euroslot:<\/strong> 140 x 80 kuni 110 mm (ainult vedelikud\/kreemid)<\/li>\n<\/ul>\n\n<h2 class=\"wp-block-heading\">Miks valida meid oma kulmukosmeetika partneriks?<\/h2>\n\n<ul class=\"wp-block-list\">\n<li><strong>Loodud just kulmudele:<\/strong> kulmukarvad on teadaolevalt paksemad ja vastupidavamad kui ripsmed ning kemikaalid puutuvad otseselt kokku nahaga. Meie pehmendavad ja fikseerivad koostised on t\u00e4pselt tasakaalustatud, et pakkuda tugevat struktuurimuutust, seades esikohale naha ohutuse. <\/li>\n\n\n\n<li><strong>Keemikute ja meistrite koost\u00f6\u00f6:<\/strong> meie tootearendus \u00fchendab teaduse ja salongireaalsuse. Iga koostis on v\u00e4lja t\u00f6\u00f6tatud laboriteadlaste ja kulmumeistrite koost\u00f6\u00f6s. <\/li>\n\n\n\n<li><strong>100% Itaalia toodang:<\/strong> kasutame parimaid Euroopas saadaval olevaid kosmeetilisi tooraineid ja teostame kogu tootmise eranditult Itaalias.<\/li>\n\n\n\n<li><strong>Sertifitseeritud GMP standardid:<\/strong> meie tootmis\u00fcksused j\u00e4rgivad rangelt ISO 22716 heade tootmistavade n\u00f5udeid, tagades tipptasemel ohutuse ja j\u00e4rjepidevuse.<\/li>\n\n\n\n<li><strong>Range kvaliteedikontroll:<\/strong> iga partii l\u00e4bib enne pakendamist p\u00f5hjaliku laboratoorse testimise.<\/li>\n<\/ul>\n\n<h2 class=\"wp-block-heading\">Sinu teekond oma kaubam\u00e4rgini<\/h2>\n\n<ol class=\"wp-block-list\">\n<li><strong>Koostise valimine:<\/strong> vali meie p\u00f5hjalikult testitud koostiste hulgast v\u00f5i alusta unikaalse kulmutoote arendusprojekti.<\/li>\n\n\n\n<li><strong>Komplekti koostamine:<\/strong> vali v\u00e4lja t\u00e4pne valik pehmendavaid ja fikseerivaid losjoone, lamineerimiskreeme, liime ja seerumeid.<\/li>\n\n\n\n<li><strong>Sobiv pakend:<\/strong> vali lemmik kotikeste kuju v\u00f5i pudelid v\u00f5i lase meie meeskonnal leida sulle sobiv erilahendus.<\/li>\n\n\n\n<li><strong>Dokumentide ja CPNP tugi:<\/strong> pakume tehnilist dokumentatsiooni, mis aitab sul h\u00f5lpsalt l\u00e4bida kosmeetikatoodete registreerimise (n\u00e4iteks Euroopa CPNP portaalis).<\/li>\n\n\n\n<li><strong>Tootmine ja transport:<\/strong> p\u00e4rast l\u00f5plikku kinnitamist teostame tootmise, t\u00e4idame pakendid ja saadame valmis kulmude lamineerimise komplektid sinu lattu.<\/li>\n<\/ol>\n\n<h2 class=\"wp-block-heading\">Korduma kippuvad k\u00fcsimused<\/h2>\n\n<p><strong>Kas pakute ts\u00fcsteamiinip\u00f5hiseid kulmude lamineerimise tooteid?<\/strong> Jah. Saate valida kas traditsioonilised tiogl\u00fckoolhappel p\u00f5hinevad pehmendavad losjoonid v\u00f5i meie \u00f5rnemad, kuid kiiretoimelised ts\u00fcsteamiin-HCl-p\u00f5hised koostised. <\/p>\n\n<p><strong>Kas saate aidata Euroopa kosmeetikan\u00f5uete t\u00e4itmisel?<\/strong> Jah, pakume tehnilist paberimajandust ja dokumentatsiooni, mis on vajalik teie br\u00e4ndi abistamiseks CPNP registreerimisel ja n\u00f5uete t\u00e4itmisel erinevatel turgudel.<\/p>\n\n<p><strong>Kas ma saan luua omaenda sisendi p\u00f5hjal kulmude kasvuseerumi?<\/strong> Absoluutselt. Meie majasisene teadus- ja arendusmeeskond saab v\u00e4lja t\u00f6\u00f6tada kohandatud kosmeetilised koostised vastavalt sinu juhistele. Eritellimusel arendust\u00f6\u00f6 n\u00f5uab minimaalset tellimust 100 kg.  <\/p>\n\n<div class=\"forminator-guttenberg\"><div class=\"forminator-ui forminator-custom-form forminator-custom-form-22422 forminator-design--material  forminator_ajax\" data-forminator-render=\"0\" data-form=\"forminator-module-22422\" data-uid=\"69e6439b8e754\"><br\/><\/div><form\r\n\t\t\t\tid=\"forminator-module-22422\"\r\n\t\t\t\tclass=\"forminator-ui forminator-custom-form forminator-custom-form-22422 forminator-design--material  forminator_ajax\"\r\n\t\t\t\tmethod=\"post\"\r\n\t\t\t\tdata-forminator-render=\"0\"\r\n\t\t\t\tdata-form-id=\"22422\"\r\n\t\t\t\t data-color-option=\"default\" data-design=\"material\" data-grid=\"open\" style=\"display: none;\"\r\n\t\t\t\tdata-uid=\"69e6439b8e754\"\r\n\t\t\t><div role=\"alert\" aria-live=\"polite\" class=\"forminator-response-message forminator-error\" aria-hidden=\"true\"><\/div><div class=\"forminator-row\"><div id=\"text-1\" class=\"forminator-field-text forminator-col forminator-col-6 \"><div class=\"forminator-field\"><label for=\"forminator-field-text-1_69e6439b8e754\" id=\"forminator-field-text-1_69e6439b8e754-label\" class=\"forminator-label\">Your Name (required) <span class=\"forminator-required\">*<\/span><\/label><input type=\"text\" name=\"text-1\" value=\"\" placeholder=\"\" id=\"forminator-field-text-1_69e6439b8e754\" class=\"forminator-input forminator-name--field\" data-required=\"1\" \/><\/div><\/div><div id=\"email-1\" class=\"forminator-field-email forminator-col forminator-col-6 \"><div class=\"forminator-field\"><label for=\"forminator-field-email-1_69e6439b8e754\" id=\"forminator-field-email-1_69e6439b8e754-label\" class=\"forminator-label\">Your Email (required) <span class=\"forminator-required\">*<\/span><\/label><input type=\"email\" name=\"email-1\" value=\"\" placeholder=\"\" id=\"forminator-field-email-1_69e6439b8e754\" class=\"forminator-input forminator-email--field\" data-required=\"1\" aria-required=\"true\" autocomplete=\"email\" \/><\/div><\/div><\/div><div class=\"forminator-row\"><div id=\"phone-1\" class=\"forminator-field-phone forminator-col forminator-col-6 \"><div class=\"forminator-field\"><label for=\"forminator-field-phone-1_69e6439b8e754\" id=\"forminator-field-phone-1_69e6439b8e754-label\" class=\"forminator-label\">Phone <span class=\"forminator-required\">*<\/span><\/label><input type=\"text\" name=\"phone-1\" value=\"\" placeholder=\"E.g. +1 300 400 5000\" id=\"forminator-field-phone-1_69e6439b8e754\" class=\"forminator-input forminator-field--phone\" data-required=\"1\" aria-required=\"true\" autocomplete=\"off\" data-national_mode=\"disabled\" data-country=\"it\" data-validation=\"international\" \/><\/div><\/div><div id=\"text-2\" class=\"forminator-field-text forminator-col forminator-col-6 \"><div class=\"forminator-field\"><label for=\"forminator-field-text-2_69e6439b8e754\" id=\"forminator-field-text-2_69e6439b8e754-label\" class=\"forminator-label\">Company name <span class=\"forminator-required\">*<\/span><\/label><input type=\"text\" name=\"text-2\" value=\"\" placeholder=\"E.g. text placeholder\" id=\"forminator-field-text-2_69e6439b8e754\" class=\"forminator-input forminator-name--field\" data-required=\"1\" maxlength=\"60\" \/><span id=\"forminator-field-text-2_69e6439b8e754-description\" class=\"forminator-description\"><span data-limit=\"60\" data-type=\"characters\">0 \/ 60<\/span><\/span><\/div><\/div><\/div><div class=\"forminator-row\"><div id=\"url-1\" class=\"forminator-field-url forminator-col forminator-col-12 \"><div class=\"forminator-field\"><label for=\"forminator-field-url-1_69e6439b8e754\" id=\"forminator-field-url-1_69e6439b8e754-label\" class=\"forminator-label\">Website <span class=\"forminator-required\">*<\/span><\/label><input type=\"url\" name=\"url-1\" value=\"\" placeholder=\"E.g. http:\/\/www.example.com\" id=\"forminator-field-url-1_69e6439b8e754\" class=\"forminator-input forminator-website--field\" data-required=\"1\" aria-required=\"true\" aria-describedby=\"forminator-field-url-1_69e6439b8e754-description\" \/><span id=\"forminator-field-url-1_69e6439b8e754-description\" class=\"forminator-description\">Company website or social media link<\/span><\/div><\/div><\/div><div class=\"forminator-row\"><div id=\"textarea-1\" class=\"forminator-field-textarea forminator-col forminator-col-12 \"><div class=\"forminator-field\"><label for=\"forminator-field-textarea-1_69e6439b8e754\" id=\"forminator-field-textarea-1_69e6439b8e754-label\" class=\"forminator-label\">Your Message<\/label><textarea name=\"textarea-1\" placeholder=\"\" id=\"forminator-field-textarea-1_69e6439b8e754\" class=\"forminator-textarea\" rows=\"6\" style=\"--forminator-textarea-min-height:140px;\" ><\/textarea><\/div><\/div><\/div><div class=\"forminator-row\" style=\"margin: 0;\"><div id=\"captcha-1\" class=\"forminator-field-captcha  forminator-col-12 \"><div class=\"forminator-captcha-left forminator-g-recaptcha recaptcha-invisible\" data-theme=\"light\" data-badge=\"bottomright\" data-sitekey=\"6LcKyqooAAAAANGB1TvLXGGQSKOQrxSOrMsoH9NU\" data-size=\"invisible\"><\/div> <\/div><\/div><input type=\"hidden\" name=\"referer_url\" value=\"\" \/><div class=\"forminator-row forminator-row-last\"><div class=\"forminator-col\"><div class=\"forminator-field\"><button class=\"forminator-button forminator-button-submit btn btn-color-primary\"><span>SEND A MESSAGE<\/span><span aria-hidden=\"true\"><\/span><\/button><\/div><\/div><\/div><input type=\"hidden\" id=\"forminator_nonce\" name=\"forminator_nonce\" value=\"8c1e2d6f57\" \/><input type=\"hidden\" name=\"_wp_http_referer\" value=\"\/et\/wp-json\/wp\/v2\/pages\/25176\" \/><input type=\"hidden\" name=\"form_id\" value=\"22422\"><input type=\"hidden\" name=\"page_id\" value=\"25176\"><input type=\"hidden\" name=\"form_type\" value=\"default\"><input type=\"hidden\" name=\"current_url\" value=\"https:\/\/lamisuperbooster.com\/et\/private-label-kulmude-lamineerimine\/\"><input type=\"hidden\" name=\"render_id\" value=\"0\"><input type=\"hidden\" name=\"action\" value=\"forminator_submit_form_custom-forms\"><label for=\"input_7\" class=\"forminator-hidden\" aria-hidden=\"true\">Please do not fill in this field. <input id=\"input_7\" type=\"text\" name=\"input_7\" value=\"\" autocomplete=\"off\"><\/label><\/form><\/div>\n","protected":false},"excerpt":{"rendered":"<p>Lami Super Booster on juhtiv OEM-tootja, kes toodab omam\u00e4rgi kulmude lamineerimise komplekte ilubr\u00e4ndidele, koolituskeskustele ja salongidele. Alates kulmukarvu pehmendavatest ja<\/p>\n","protected":false},"author":4,"featured_media":0,"parent":0,"menu_order":0,"comment_status":"closed","ping_status":"closed","template":"","meta":{"inline_featured_image":false,"_kad_blocks_custom_css":"","_kad_blocks_head_custom_js":"","_kad_blocks_body_custom_js":"","_kad_blocks_footer_custom_js":"","_kadence_starter_templates_imported_post":false,"footnotes":""},"class_list":["post-25176","page","type-page","status-publish","hentry"],"taxonomy_info":[],"featured_image_src_large":false,"author_info":{"display_name":"Maria Larionova","author_link":"https:\/\/lamisuperbooster.com\/et\/blog\/author\/kati\/"},"comment_info":0,"_links":{"self":[{"href":"https:\/\/lamisuperbooster.com\/et\/wp-json\/wp\/v2\/pages\/25176","targetHints":{"allow":["GET"]}}],"collection":[{"href":"https:\/\/lamisuperbooster.com\/et\/wp-json\/wp\/v2\/pages"}],"about":[{"href":"https:\/\/lamisuperbooster.com\/et\/wp-json\/wp\/v2\/types\/page"}],"author":[{"embeddable":true,"href":"https:\/\/lamisuperbooster.com\/et\/wp-json\/wp\/v2\/users\/4"}],"replies":[{"embeddable":true,"href":"https:\/\/lamisuperbooster.com\/et\/wp-json\/wp\/v2\/comments?post=25176"}],"version-history":[{"count":2,"href":"https:\/\/lamisuperbooster.com\/et\/wp-json\/wp\/v2\/pages\/25176\/revisions"}],"predecessor-version":[{"id":41184,"href":"https:\/\/lamisuperbooster.com\/et\/wp-json\/wp\/v2\/pages\/25176\/revisions\/41184"}],"wp:attachment":[{"href":"https:\/\/lamisuperbooster.com\/et\/wp-json\/wp\/v2\/media?parent=25176"}],"curies":[{"name":"wp","href":"https:\/\/api.w.org\/{rel}","templated":true}]}}