{"id":23350,"date":"2024-08-19T12:20:22","date_gmt":"2024-08-19T10:20:22","guid":{"rendered":"https:\/\/lamisuperbooster.com\/maria-larionova\/"},"modified":"2024-08-19T13:02:33","modified_gmt":"2024-08-19T11:02:33","slug":"maria-larionova","status":"publish","type":"page","link":"https:\/\/lamisuperbooster.com\/et\/maria-larionova\/","title":{"rendered":"Maria Larionova"},"content":{"rendered":"<style>.kb-row-layout-id23350_498356-fb > .kt-row-column-wrap{align-content:center;}:where(.kb-row-layout-id23350_498356-fb > .kt-row-column-wrap) > .wp-block-kadence-column{justify-content:center;}.kb-row-layout-id23350_498356-fb > .kt-row-column-wrap{column-gap:var(--global-kb-gap-lg, 4rem);row-gap:var(--global-kb-gap-md, 2rem);max-width:var(--wp--style--global--content-size);padding-top:var(--global-kb-spacing-xl, 4rem);padding-bottom:var(--global-kb-spacing-xl, 4rem);grid-template-columns:repeat(2, minmax(0, 1fr));}.kb-row-layout-id23350_498356-fb{background-color:var(--global-palette8, #F7FAFC);}.kb-row-layout-id23350_498356-fb > .kt-row-layout-overlay{opacity:0.30;}.kb-row-layout-id23350_498356-fb ,.kb-row-layout-id23350_498356-fb h1,.kb-row-layout-id23350_498356-fb h2,.kb-row-layout-id23350_498356-fb h3,.kb-row-layout-id23350_498356-fb h4,.kb-row-layout-id23350_498356-fb h5,.kb-row-layout-id23350_498356-fb h6{color:var(--global-palette3, #1A202C);}.kb-row-layout-id23350_498356-fb a{color:var(--global-palette1, #3182CE);}.kb-row-layout-id23350_498356-fb a:hover{color:var(--global-palette2, #2B6CB0);}@media all and (max-width: 1024px){.kb-row-layout-id23350_498356-fb > .kt-row-column-wrap{column-gap:var(--global-kb-gap-md, 2rem);grid-template-columns:repeat(2, minmax(0, 1fr));}}@media all and (max-width: 767px){.kb-row-layout-id23350_498356-fb > .kt-row-column-wrap{grid-template-columns:minmax(0, 1fr);}}<\/style><div class=\"kb-row-layout-wrap kb-row-layout-id23350_498356-fb alignfull has-theme-palette8-background-color kt-row-has-bg wp-block-kadence-rowlayout\"><div class=\"kt-row-column-wrap kt-has-2-columns kt-row-layout-equal kt-tab-layout-inherit kt-mobile-layout-row kt-row-valign-middle kb-theme-content-width\">\n<style>.kadence-column23350_c33055-5e > .kt-inside-inner-col,.kadence-column23350_c33055-5e > .kt-inside-inner-col:before{border-top-left-radius:0px;border-top-right-radius:0px;border-bottom-right-radius:0px;border-bottom-left-radius:0px;}.kadence-column23350_c33055-5e > .kt-inside-inner-col{column-gap:var(--global-kb-gap-sm, 1rem);}.kadence-column23350_c33055-5e > .kt-inside-inner-col{flex-direction:column;}.kadence-column23350_c33055-5e > .kt-inside-inner-col > .aligncenter{width:100%;}.kadence-column23350_c33055-5e > .kt-inside-inner-col:before{opacity:0.3;}.kadence-column23350_c33055-5e{position:relative;}@media all and (max-width: 1024px){.kadence-column23350_c33055-5e > .kt-inside-inner-col{flex-direction:column;justify-content:center;}}@media all and (max-width: 767px){.kadence-column23350_c33055-5e > .kt-inside-inner-col{flex-direction:column;justify-content:center;}}<\/style>\n<div class=\"wp-block-kadence-column kadence-column23350_c33055-5e\"><div class=\"kt-inside-inner-col\">\n<p class=\"has-lg-font-size\"><strong>Maria Larionova<\/strong> on p\u00e4rit Eestist. Juba noorelt oli tema kireks kaunite ripsmete loomine ripsmepikenduste abil. Teekond viis ta Londonisse, Inglismaale, kus ta t\u00e4iendas oskusi ja s\u00fcvendas oma teadmisi veelgi.<\/p>\n\n\n\n<p>2013. aastal kolis Maria Itaaliasse. Ta asutas Milano s\u00fcdames LashDream ja Lami Super Booster br\u00e4ndid. T\u00e4na on need br\u00e4ndid Itaalia k\u00f5ige hinnatumate seas, pakkudes kvaliteetseid lash lifti, kulmude lamineerimise tooteid ning ripsmepikendusi, aga ka j\u00e4relhooldustooteid, mida armastavad kliendid \u00fcle maailma.<\/p>\n\n\n\n<p>Maria saabumine Itaalia ilut\u00f6\u00f6stusse oli revolutsiooniline, sest ta avas Itaalia esimese ripsmebaari \u2013 ainulaadse salongi, mis on p\u00fchendatud vaid ripsmetele ja kulmudele. See uuenduslik kontseptsioon oli oluline verstapost, tuues Itaalia ilumaastikule v\u00e4rske l\u00e4henemise.<\/p>\n\n\n\n<p>Lisaks sellele, et Maria on Lami Super Booster asutaja ja k\u00f5igi meie toodete looja, on ta j\u00e4tkuvalt k\u00f5rgelt hinnatud praktiseeriv ripsme- ja kulmutehnik ning koolitaja. Ta on ka Itaalia Iluakadeemia (Italian Beauty Academy) asutaja. Koolituskeskus asub Milano toomkiriku vahetus l\u00e4heduses. Siin saavad tulevased iluprofessionaalid \u00f5ppida lash lifti, kulmude lamineerimise, ripsmepikenduste ja teiste p\u00f5nevate ilutehnikate kunsti.<\/p>\n\n\n\n<p>Maria energia ja p\u00fchendumus on l\u00f5putud. Ta t\u00e4iendab pidevalt oma teadmisi ilumaailmas ja jagab oma teadmisi oma meeskonna ning teiste ilutegijatega, tagades, et nad p\u00fcsivad ilutrendide esirinnas.<\/p>\n\n\n\n<p>Lisaks on Maria ka hinnatud kohtunik ripsmekonkurssidel \u00fcle maailma.<\/p>\n\n\n\n<p>Lami Super Boosteris juhib meid kirg, oskus ja vankumatu p\u00fchendumus aidata inimestel tunda end k\u00f5ige kaunimana. Liitu meiega sellel imelisel teekonnal!<\/p>\n<\/div><\/div>\n\n\n<style>.kadence-column23350_af3581-18 > .kt-inside-inner-col,.kadence-column23350_af3581-18 > .kt-inside-inner-col:before{border-top-left-radius:0px;border-top-right-radius:0px;border-bottom-right-radius:0px;border-bottom-left-radius:0px;}.kadence-column23350_af3581-18 > .kt-inside-inner-col{column-gap:var(--global-kb-gap-sm, 1rem);}.kadence-column23350_af3581-18 > .kt-inside-inner-col{flex-direction:column;}.kadence-column23350_af3581-18 > .kt-inside-inner-col > .aligncenter{width:100%;}.kadence-column23350_af3581-18 > .kt-inside-inner-col:before{opacity:0.3;}.kadence-column23350_af3581-18{position:relative;}@media all and (max-width: 1024px){.kadence-column23350_af3581-18 > .kt-inside-inner-col{flex-direction:column;justify-content:center;}}@media all and (max-width: 767px){.kadence-column23350_af3581-18 > .kt-inside-inner-col{flex-direction:column;justify-content:center;}}<\/style>\n<div class=\"wp-block-kadence-column kadence-column23350_af3581-18\"><div class=\"kt-inside-inner-col\">\n<figure class=\"wp-block-image size-large\"><img loading=\"lazy\" decoding=\"async\" width=\"1024\" height=\"683\" src=\"https:\/\/lamisuperbooster.com\/wp-content\/uploads\/2024\/08\/Maria-Larionova-the-founcer-and-CEO-of-Lami-Super-Booster-1024x683.jpg\" alt=\"Maria is a true &quot;Lash and Brow Master,&quot; renowned for her expertise in enhancing lashes and brows to their full potential.\" class=\"wp-image-23341\" srcset=\"https:\/\/lamisuperbooster.com\/wp-content\/uploads\/2024\/08\/Maria-Larionova-the-founcer-and-CEO-of-Lami-Super-Booster-1024x683.jpg 1024w, https:\/\/lamisuperbooster.com\/wp-content\/uploads\/2024\/08\/Maria-Larionova-the-founcer-and-CEO-of-Lami-Super-Booster-300x200.jpg 300w, https:\/\/lamisuperbooster.com\/wp-content\/uploads\/2024\/08\/Maria-Larionova-the-founcer-and-CEO-of-Lami-Super-Booster-768x512.jpg 768w, https:\/\/lamisuperbooster.com\/wp-content\/uploads\/2024\/08\/Maria-Larionova-the-founcer-and-CEO-of-Lami-Super-Booster.jpg 1500w\" sizes=\"auto, (max-width: 1024px) 100vw, 1024px\" \/><\/figure>\n<\/div><\/div>\n\n<\/div><\/div>\n\n\n<p><\/p>\n","protected":false},"excerpt":{"rendered":"<p>Maria Larionova on p\u00e4rit Eestist. Juba noorelt oli tema kireks kaunite ripsmete loomine ripsmepikenduste abil. Teekond viis ta Londonisse, Inglismaale,<\/p>\n","protected":false},"author":4,"featured_media":0,"parent":0,"menu_order":0,"comment_status":"closed","ping_status":"closed","template":"","meta":{"inline_featured_image":false,"_kad_blocks_custom_css":"","_kad_blocks_head_custom_js":"","_kad_blocks_body_custom_js":"","_kad_blocks_footer_custom_js":"","_kadence_starter_templates_imported_post":false,"footnotes":""},"class_list":["post-23350","page","type-page","status-publish","hentry"],"taxonomy_info":[],"featured_image_src_large":false,"author_info":{"display_name":"Maria Larionova","author_link":"https:\/\/lamisuperbooster.com\/et\/blog\/author\/kati\/"},"comment_info":0,"_links":{"self":[{"href":"https:\/\/lamisuperbooster.com\/et\/wp-json\/wp\/v2\/pages\/23350","targetHints":{"allow":["GET"]}}],"collection":[{"href":"https:\/\/lamisuperbooster.com\/et\/wp-json\/wp\/v2\/pages"}],"about":[{"href":"https:\/\/lamisuperbooster.com\/et\/wp-json\/wp\/v2\/types\/page"}],"author":[{"embeddable":true,"href":"https:\/\/lamisuperbooster.com\/et\/wp-json\/wp\/v2\/users\/4"}],"replies":[{"embeddable":true,"href":"https:\/\/lamisuperbooster.com\/et\/wp-json\/wp\/v2\/comments?post=23350"}],"version-history":[{"count":0,"href":"https:\/\/lamisuperbooster.com\/et\/wp-json\/wp\/v2\/pages\/23350\/revisions"}],"wp:attachment":[{"href":"https:\/\/lamisuperbooster.com\/et\/wp-json\/wp\/v2\/media?parent=23350"}],"curies":[{"name":"wp","href":"https:\/\/api.w.org\/{rel}","templated":true}]}}