{"id":22465,"date":"2023-12-01T13:41:39","date_gmt":"2023-12-01T11:41:39","guid":{"rendered":"https:\/\/lamisuperbooster.com\/lami-super-booster-your-premier-private-label-and-manufacturing-partner\/"},"modified":"2026-03-20T14:16:56","modified_gmt":"2026-03-20T12:16:56","slug":"sinu-eksklusiivne-private-label-ehk-omamargitoodete-tootmispartner","status":"publish","type":"page","link":"https:\/\/lamisuperbooster.com\/et\/sinu-eksklusiivne-private-label-ehk-omamargitoodete-tootmispartner\/","title":{"rendered":"Private label lash lifti komplektid"},"content":{"rendered":"<div class=\"wpb-content-wrapper\">[vc_row][vc_column][vc_column_text]\n\nLami Super Booster toodab private label lash lifti komplekte ilubr\u00e4ndidele, koolituskeskustele ja salongidele. Vali meie koolutus- ja fikseerimisemulsioonide, lamineerimiskreemide ja liimide hulgast. K\u00f5ik tooted on valmistatud Itaalias vastavalt ISO 22716 standarditele ja saadaval alates 2000 \u00fchikust.  \n<h2>Lash lifti komplekti komponendid<\/h2>\nLoo oma br\u00e4ndile t\u00e4iuslik professionaalne komplekt, valides meie kvaliteetsete koostiste hulgast. Vali meie kataloogist t\u00f5estatud, <strong data-path-to-node=\"11\" data-index-in-node=\"152\">turustusvalmis koostisi<\/strong> v\u00f5i lase meie laboril <strong data-path-to-node=\"11\" data-index-in-node=\"202\">v\u00e4lja t\u00f6\u00f6tada t\u00e4iesti unikaalne koostis<\/strong>, mis p\u00f5hineb sinu konkreetsetel koostisainetel ja eesm\u00e4rkidel. \n<p data-path-to-node=\"12\">Kasutades meie valmis koostisi v\u00f5i luues oma, saad kokku panna sellise komplekti nagu soovid. Alates lihtsast 2-etapilisest komplektist kuni p\u00f5hjaliku meistrikomplektini:<\/p>\n\n<ul>\n \t<li data-path-to-node=\"13,0,0\"><strong data-path-to-node=\"13,0,0\" data-index-in-node=\"0\">P\u00f5hilised losjoonid (1. ja 2. etapp):<\/strong> Vali meie klassikaliste tiogl\u00fckoolip\u00f5histe losjoonide vahel kiirete ja usaldusv\u00e4\u00e4rsete tulemuste saavutamiseks v\u00f5i meie toitvate kiiretoimeliste ts\u00fcsteamiin-HCl-p\u00f5histe losjoonide vahel trendika Korea stiilis ripsmete koolutamise v\u00f5i Asian ja h\u00fcbriidtehnikate jaoks.<\/li>\n \t<li data-path-to-node=\"13,1,0\"><strong data-path-to-node=\"13,1,0\" data-index-in-node=\"0\">Lamineerimiskreem (3. etapp):<\/strong> pakume ka s\u00fcgavalt niisutavaid lamineerimiskreeme. Olulise kolmanda etapina loodud koostised taastavad niiskuse, toidavad ripsmeid ning muudavad need t\u00e4idlaseks ja l\u00e4ikivaks. <\/li>\n \t<li data-path-to-node=\"13,2,0\"><strong data-path-to-node=\"13,2,0\" data-index-in-node=\"0\">Lash lifti liimid ja liimipulbrid:<\/strong> Kinnita silikoonpadjad ja ripsmed meie klassikaliste suure j\u00f5udlusega liimidega v\u00f5i vali hoopis meie innovaatiline liimipulber. See pulber segatakse otse losjoonidesse, et muuta need loomulikult kleepuvaks, kaotades vajaduse tavalise liimi j\u00e4rele. Ideaalne Korea, Aasia ja edasij\u00f5udnud h\u00fcbriidtehnikate jaoks.  <\/li>\n \t<li data-path-to-node=\"13,3,0\"><strong data-path-to-node=\"13,3,0\" data-index-in-node=\"0\">Ettevalmistus- ja jaem\u00fc\u00fcgi lisatooted:<\/strong> T\u00f5sta oma br\u00e4ndi v\u00e4\u00e4rtust, lisades valikusse private label meigieemaldajad ja puhastusvahu t\u00e4iuslikuks hoolduse ettevalmistuseks, koos meie <strong data-path-to-node=\"13,3,0\" data-index-in-node=\"164\">toitvate seerumitega<\/strong>, mis on loodud m\u00fc\u00fcgiks salongis ja kliendi koduseks hoolduseks.<\/li>\n<\/ul>\n<h2>Minimaalsed tellimiskogused ja tarneajad<\/h2>\nMeie minimaalsed tellimiskogused s\u00f5ltuvad sinu valitud pakendist ja tootest:\n\n<strong>Turustusvalmis koostised:<\/strong>\n<ul>\n \t<li data-path-to-node=\"17,0,0\"><strong data-path-to-node=\"17,0,0\" data-index-in-node=\"0\">Kotikesed (ideaalsed 1., 2. ja 3. etapi losjoonidele):<\/strong> Minimaalne tellimus 10 000 kotikest \u00fche losjoonit\u00fc\u00fcbi kohta.<\/li>\n \t<li data-path-to-node=\"17,1,0\"><strong data-path-to-node=\"17,1,0\" data-index-in-node=\"0\">Airless-pudelid (losjoonidele v\u00f5i kreemidele):<\/strong> Minimaalne tellimus 2000 pudelit \u00fche losjoonit\u00fc\u00fcbi kohta.<\/li>\n \t<li data-path-to-node=\"17,2,0\"><strong data-path-to-node=\"17,2,0\" data-index-in-node=\"0\">Standardsed seerumid ja liimid:<\/strong> Minimaalne tellimus seerumi puhul 2000tk ja liimi puhul 2500tk.<\/li>\n<\/ul>\n<p data-path-to-node=\"18\"><strong data-path-to-node=\"18\" data-index-in-node=\"0\">Eritellimusel koostise arendamine:<\/strong><\/p>\n\n<ul>\n \t<li data-path-to-node=\"19,0,0\">Kui soovid t\u00e4iesti uut, sinu t\u00e4psete spetsifikatsioonide j\u00e4rgi v\u00e4lja t\u00f6\u00f6tatud koostist, algab miinimumkogus <strong data-path-to-node=\"19,0,0\" data-index-in-node=\"110\">100 kg-st koostise kohta<\/strong>.<\/li>\n<\/ul>\n<p data-path-to-node=\"20\"><strong data-path-to-node=\"20\" data-index-in-node=\"0\">Tootmise tarneajad:<\/strong> Tavap\u00e4rane tootmine ja pakendamine v\u00f5tab tavaliselt <strong data-path-to-node=\"20\" data-index-in-node=\"72\">2\u20134 kuud<\/strong> p\u00e4rast koostise valimist, kujunduse kinnitamist ja eritellimusel pakendite saabumist meie tehasesse. Eritellimusel koostiste arendamise ajakava on varieeruv. <\/p>\n\n<h2>Miks valida Lami Super Booster oma lash lifti toodete tootjaks<\/h2>\n<ul>\n \t<li data-path-to-node=\"28,0,0\"><strong data-path-to-node=\"28,0,0\" data-index-in-node=\"0\">Keemikute ja ripsmeekspertide poolt v\u00e4lja t\u00f6\u00f6tatud:<\/strong> Meie tooteid ei looda lihtsalt laboris. Iga koostis valmib kogenud kosmeetikakeemikute ja ripsmemeistrite tihedas koost\u00f6\u00f6s, tagades nende laitmatu toimimise t\u00f6\u00f6s. <\/li>\n \t<li data-path-to-node=\"28,1,0\"><strong data-path-to-node=\"28,1,0\" data-index-in-node=\"0\">Toimivad koostised:<\/strong> Oleme spetsialiseerunud ripsmete ja kulmude hoolduse \u00f5rnale keemiale. Meie koolutus-, kinnitus- ja lamineerimisvalemid on hoolikalt v\u00e4lja t\u00f6\u00f6tatud t\u00e4ieliku stabiilsuse ja j\u00e4rjepideva toimeaja tagamiseks. <\/li>\n \t<li data-path-to-node=\"28,2,0\"><strong data-path-to-node=\"28,2,0\" data-index-in-node=\"0\">Ehtne Itaalia kvaliteet:<\/strong> Toodame eranditult Itaalias, kasutades parimat Euroopa turul saadaval olevat kosmeetilist toorainet.<\/li>\n \t<li data-path-to-node=\"28,3,0\"><strong data-path-to-node=\"28,3,0\" data-index-in-node=\"0\">Kvaliteedi tagamine:<\/strong> Meie tootmine j\u00e4rgib rangelt ISO 22716 hea tootmistava (GMP) eeskirju, garanteerides ohutuse ja tipptaseme sinu l\u00f5pptarbijatele.<\/li>\n \t<li data-path-to-node=\"28,4,0\"><strong data-path-to-node=\"28,4,0\" data-index-in-node=\"0\">Eksperttestimine:<\/strong> Iga tiogl\u00fckool- ja ts\u00fcsteamiinlosjoonide partii l\u00e4bib meie kogenud kvaliteedikontrolli meeskonna poolt range testimise, enne kui see sinu komplektidesse j\u00f5uab.<\/li>\n<\/ul>\n[\/vc_column_text][vc_column_text]\n<h2>Kuidas Private Label protsess toimib<\/h2>\n<ol>\n \t<li data-path-to-node=\"30,0,0\"><strong data-path-to-node=\"30,0,0\" data-index-in-node=\"0\">Vali oma koostis:<\/strong> Otsusta meie t\u00f5estatud turustusvalmis koostiste kasuks v\u00f5i t\u00f6\u00f6ta koos meiega v\u00e4lja unikaalne retsept nullist.<\/li>\n \t<li data-path-to-node=\"30,1,0\"><strong data-path-to-node=\"30,1,0\" data-index-in-node=\"0\">Pane kokku oma komplekt:<\/strong> Vali soovitud kombinatsioon ripsmete koolutuslosjoonidest, fikseerimislosjoonidest, lamineerimiskreemidest, liimidest\/liimipulbritest ja ettevalmistus- ning jaem\u00fc\u00fcgi lisatoodetest.<\/li>\n \t<li data-path-to-node=\"30,2,0\"><strong data-path-to-node=\"30,2,0\" data-index-in-node=\"0\">Vali pakend:<\/strong> Vali sulle meeldiv pakend v\u00f5i lase meil leida just sinu br\u00e4ndile sobiv pakendistiil.<\/li>\n \t<li data-path-to-node=\"30,3,0\"><strong data-path-to-node=\"30,3,0\" data-index-in-node=\"0\">Vastavus ja paberimajandus:<\/strong> Aitame sind vajaliku dokumentatsiooniga, mida n\u00f5utakse kosmeetikatoodete registreerimiseks eri riikides (n\u00e4iteks CPNP Euroopas), tagades sujuva ja muretu juriidilise protsessi.<\/li>\n \t<li data-path-to-node=\"30,4,0\"><strong data-path-to-node=\"30,4,0\" data-index-in-node=\"0\">Tootmine ja tarnimine:<\/strong> P\u00e4rast kinnitamist toodame, pakendame ja saadame sinu tippkvaliteediga ripsmete koolutamise komplektid otse sulle.<\/li>\n<\/ol>\n<p class=\"wp-block-heading\"><span style=\"font-size: revert; color: initial; font-family: -apple-system, BlinkMacSystemFont, 'Segoe UI', Roboto, Oxygen-Sans, Ubuntu, Cantarell, 'Helvetica Neue', sans-serif;\">Uuri l\u00e4hemalt, <\/span><a style=\"font-size: revert; font-family: -apple-system, BlinkMacSystemFont, 'Segoe UI', Roboto, Oxygen-Sans, Ubuntu, Cantarell, 'Helvetica Neue', sans-serif;\" href=\"#privatelabelform\">v\u00f5ttes meiega \u00fchendust<\/a><span style=\"font-size: revert; color: initial; font-family: -apple-system, BlinkMacSystemFont, 'Segoe UI', Roboto, Oxygen-Sans, Ubuntu, Cantarell, 'Helvetica Neue', sans-serif;\">.<\/span><\/p>\n\n<h2 class=\"wp-block-heading\"><strong><a href=\"https:\/\/lamisuperbooster.com\/et\/tootekategooria\/lash-lift-et\/lash-lifti-komplekt\/\"><img loading=\"lazy\" decoding=\"async\" class=\"alignnone wp-image-6135\" src=\"https:\/\/lamisuperbooster.com\/wp-content\/uploads\/2019\/05\/Lami-Super-Booster-min-kit-with-aloe.jpg\" alt=\"Lami Super Booster ripsmete ja kulmude lamineerimise minikomplekt aaloega sisaldab k\u00f5ike vajalikku nende hoolduste l\u00e4biviimiseks.\" width=\"302\" height=\"302\" srcset=\"https:\/\/lamisuperbooster.com\/wp-content\/uploads\/2019\/05\/Lami-Super-Booster-min-kit-with-aloe.jpg 1080w, https:\/\/lamisuperbooster.com\/wp-content\/uploads\/2019\/05\/Lami-Super-Booster-min-kit-with-aloe-1024x1024.jpg 1024w, https:\/\/lamisuperbooster.com\/wp-content\/uploads\/2019\/05\/Lami-Super-Booster-min-kit-with-aloe-100x100.jpg 100w\" sizes=\"auto, (max-width: 302px) 100vw, 302px\" \/><\/a><a href=\"https:\/\/lamisuperbooster.com\/et\/toode\/lash-lifti-jarelhoolduskomplekt-meigieemaldaja-ja-ripsmeseerum\/\"><img loading=\"lazy\" decoding=\"async\" class=\"alignnone wp-image-20752\" src=\"https:\/\/lamisuperbooster.com\/wp-content\/uploads\/2019\/11\/Lami-Super-Booster-makeup-remover-and-Nutrilash-serum-300x300.jpg\" alt=\"See ripsmete koolutamise j\u00e4relhoolduse komplekt sisaldab Lami Super Boosteri \u00f5rna meigieemaldajat ja Nutrilash toitvat ripsmeseerumit. Sobib ka ripsmepikendustega.\" width=\"247\" height=\"247\" srcset=\"https:\/\/lamisuperbooster.com\/wp-content\/uploads\/2019\/11\/Lami-Super-Booster-makeup-remover-and-Nutrilash-serum-300x300.jpg 300w, https:\/\/lamisuperbooster.com\/wp-content\/uploads\/2019\/11\/Lami-Super-Booster-makeup-remover-and-Nutrilash-serum-1024x1024.jpg 1024w, https:\/\/lamisuperbooster.com\/wp-content\/uploads\/2019\/11\/Lami-Super-Booster-makeup-remover-and-Nutrilash-serum-150x150.jpg 150w, https:\/\/lamisuperbooster.com\/wp-content\/uploads\/2019\/11\/Lami-Super-Booster-makeup-remover-and-Nutrilash-serum-768x768.jpg 768w, https:\/\/lamisuperbooster.com\/wp-content\/uploads\/2019\/11\/Lami-Super-Booster-makeup-remover-and-Nutrilash-serum-100x100.jpg 100w, https:\/\/lamisuperbooster.com\/wp-content\/uploads\/2019\/11\/Lami-Super-Booster-makeup-remover-and-Nutrilash-serum.jpg 1080w\" sizes=\"auto, (max-width: 247px) 100vw, 247px\" \/><\/a><\/strong><\/h2>\n<h2>Private Label pakendamine ja br\u00e4nding<\/h2>\n\n\nIluturul on esitlus v\u00e4ga oluline. Pakume laia valikut kotikeste lahendusi ning <b data-path-to-node=\"22\" data-index-in-node=\"108\">teeme tihedat koost\u00f6\u00f6d ulatusliku pakenditootjate v\u00f5rgustikuga, et leida t\u00e4pselt see, mida soovid.<\/b> Olenemata sellest, kas vajad eritellimusel pudeleid v\u00f5i konkreetseid tuube, aitame sul leida oma br\u00e4ndile t\u00e4iusliku lahenduse. \n<p data-path-to-node=\"23\"><b data-path-to-node=\"23\" data-index-in-node=\"0\">Standard- ja eritellimusel kotikeste valikud:<\/b> Oleme spetsialiseerunud losjoonidele m\u00f5eldud laialdaselt kohandatavatele kotikestele:<\/p>\n[\/vc_column_text][\/vc_column][\/vc_row][vc_row][vc_column width=&#8221;1\/2&#8243;][vc_single_image image=&#8221;22411&#8243; add_caption=&#8221;yes&#8221; alignment=&#8221;center&#8221; onclick=&#8221;link_image&#8221;][\/vc_column][vc_column width=&#8221;1\/2&#8243;][vc_single_image image=&#8221;22405&#8243; add_caption=&#8221;yes&#8221; alignment=&#8221;center&#8221; onclick=&#8221;link_image&#8221;][\/vc_column][\/vc_row][vc_row][vc_column][vc_column_text]\n\n<b>M\u00fc\u00fcgivalmis Euroslot-kaksikkotikesed:<\/b> Pakume \u00fchendatud kotikesi keskse vertikaalse perforatsiooniga \u2013 ideaalne 1. ja 2. etapi losjoonide pakendamiseks koos \u00fchte professionaalsesse kaksik\u00fcmbrikusse.\n\n[\/vc_column_text][\/vc_column][\/vc_row][vc_row][vc_column width=&#8221;1\/2&#8243;][vc_single_image image=&#8221;22401&#8243; add_caption=&#8221;yes&#8221; alignment=&#8221;center&#8221; onclick=&#8221;link_image&#8221;][\/vc_column][vc_column width=&#8221;1\/2&#8243;][vc_single_image image=&#8221;22399&#8243; add_caption=&#8221;yes&#8221; alignment=&#8221;center&#8221;][\/vc_column][\/vc_row][vc_row][vc_column][vc_column_text]M\u00f5\u00f5tmed:\n<ul>\n \t<li><strong>Vertikaalne Euroslot:<\/strong> 60 x 140 kuni 170 mm (ainult vedelikud\/kreemid)<\/li>\n \t<li data-path-to-node=\"26,1,0\"><strong data-path-to-node=\"26,1,0\" data-index-in-node=\"0\">Horisontaalne Euroslot:<\/strong> 140 x 80 kuni 110 mm (ainult vedelikud\/kreemid)<\/li>\n<\/ul>\nAvasta unikaalse kujuga kotikeste innovatsioon, mis sobib salvr\u00e4tikute, vedelike ja kreemide pakendamiseks. T\u00e4nu kohandamisv\u00f5imalustele loome t\u00f5eliselt eksklusiivseid pakendeid.[\/vc_column_text][\/vc_column][\/vc_row][vc_row][vc_column width=&#8221;1\/6&#8243;][vc_single_image image=&#8221;22409&#8243; add_caption=&#8221;yes&#8221; alignment=&#8221;center&#8221; onclick=&#8221;link_image&#8221;][vc_single_image image=&#8221;22393&#8243; add_caption=&#8221;yes&#8221; alignment=&#8221;center&#8221; onclick=&#8221;link_image&#8221;][\/vc_column][vc_column width=&#8221;1\/6&#8243;][vc_single_image image=&#8221;22413&#8243; add_caption=&#8221;yes&#8221; alignment=&#8221;center&#8221;][\/vc_column][vc_column width=&#8221;1\/6&#8243;][vc_single_image image=&#8221;22479&#8243; add_caption=&#8221;yes&#8221; alignment=&#8221;center&#8221; onclick=&#8221;link_image&#8221;][\/vc_column][vc_column width=&#8221;1\/6&#8243;][vc_single_image image=&#8221;22403&#8243; add_caption=&#8221;yes&#8221; alignment=&#8221;center&#8221; onclick=&#8221;link_image&#8221;][\/vc_column][vc_column width=&#8221;1\/6&#8243;][vc_single_image image=&#8221;22407&#8243; add_caption=&#8221;yes&#8221; alignment=&#8221;center&#8221; onclick=&#8221;link_image&#8221;][\/vc_column][vc_column width=&#8221;1\/6&#8243;][vc_single_image image=&#8221;22395&#8243; add_caption=&#8221;yes&#8221; alignment=&#8221;center&#8221; onclick=&#8221;link_image&#8221;][\/vc_column][\/vc_row][vc_row el_id=&#8221;privatelabelform&#8221;][vc_column][vc_column_text]Lisaks pakume soovi korral erinevaid kuju- ja materjalilahendusi, et vastata sinu soovidele. Vali partneriks Lami Super Booster, kes peegeldab tipptasemel kvaliteeti igal sammul![\/vc_column_text][\/vc_column][vc_column width=&#8221;1\/4&#8243;][\/vc_column][vc_column width=&#8221;1\/2&#8243;][vc_column_text]\n<h2><strong>V\u00f5ta meiega \u00fchendust, et saada \u00fcksikasjalik koostiste loetelu ja hinnapakkumine<\/strong><\/h2>\n<div class=\"forminator-ui forminator-custom-form forminator-custom-form-22422 forminator-design--material  forminator_ajax\" data-forminator-render=\"0\" data-form=\"forminator-module-22422\" data-uid=\"69e49dbe86a3d\"><br\/><\/div><form\r\n\t\t\t\tid=\"forminator-module-22422\"\r\n\t\t\t\tclass=\"forminator-ui forminator-custom-form forminator-custom-form-22422 forminator-design--material  forminator_ajax\"\r\n\t\t\t\tmethod=\"post\"\r\n\t\t\t\tdata-forminator-render=\"0\"\r\n\t\t\t\tdata-form-id=\"22422\"\r\n\t\t\t\t data-color-option=\"default\" data-design=\"material\" data-grid=\"open\" style=\"display: none;\"\r\n\t\t\t\tdata-uid=\"69e49dbe86a3d\"\r\n\t\t\t><div role=\"alert\" aria-live=\"polite\" class=\"forminator-response-message forminator-error\" aria-hidden=\"true\"><\/div><div class=\"forminator-row\"><div id=\"text-1\" class=\"forminator-field-text forminator-col forminator-col-6 \"><div class=\"forminator-field\"><label for=\"forminator-field-text-1_69e49dbe86a3d\" id=\"forminator-field-text-1_69e49dbe86a3d-label\" class=\"forminator-label\">Your Name (required) <span class=\"forminator-required\">*<\/span><\/label><input type=\"text\" name=\"text-1\" value=\"\" placeholder=\"\" id=\"forminator-field-text-1_69e49dbe86a3d\" class=\"forminator-input forminator-name--field\" data-required=\"1\" \/><\/div><\/div><div id=\"email-1\" class=\"forminator-field-email forminator-col forminator-col-6 \"><div class=\"forminator-field\"><label for=\"forminator-field-email-1_69e49dbe86a3d\" id=\"forminator-field-email-1_69e49dbe86a3d-label\" class=\"forminator-label\">Your Email (required) <span class=\"forminator-required\">*<\/span><\/label><input type=\"email\" name=\"email-1\" value=\"\" placeholder=\"\" id=\"forminator-field-email-1_69e49dbe86a3d\" class=\"forminator-input forminator-email--field\" data-required=\"1\" aria-required=\"true\" autocomplete=\"email\" \/><\/div><\/div><\/div><div class=\"forminator-row\"><div id=\"phone-1\" class=\"forminator-field-phone forminator-col forminator-col-6 \"><div class=\"forminator-field\"><label for=\"forminator-field-phone-1_69e49dbe86a3d\" id=\"forminator-field-phone-1_69e49dbe86a3d-label\" class=\"forminator-label\">Phone <span class=\"forminator-required\">*<\/span><\/label><input type=\"text\" name=\"phone-1\" value=\"\" placeholder=\"E.g. +1 300 400 5000\" id=\"forminator-field-phone-1_69e49dbe86a3d\" class=\"forminator-input forminator-field--phone\" data-required=\"1\" aria-required=\"true\" autocomplete=\"off\" data-national_mode=\"disabled\" data-country=\"it\" data-validation=\"international\" \/><\/div><\/div><div id=\"text-2\" class=\"forminator-field-text forminator-col forminator-col-6 \"><div class=\"forminator-field\"><label for=\"forminator-field-text-2_69e49dbe86a3d\" id=\"forminator-field-text-2_69e49dbe86a3d-label\" class=\"forminator-label\">Company name <span class=\"forminator-required\">*<\/span><\/label><input type=\"text\" name=\"text-2\" value=\"\" placeholder=\"E.g. text placeholder\" id=\"forminator-field-text-2_69e49dbe86a3d\" class=\"forminator-input forminator-name--field\" data-required=\"1\" maxlength=\"60\" \/><span id=\"forminator-field-text-2_69e49dbe86a3d-description\" class=\"forminator-description\"><span data-limit=\"60\" data-type=\"characters\">0 \/ 60<\/span><\/span><\/div><\/div><\/div><div class=\"forminator-row\"><div id=\"url-1\" class=\"forminator-field-url forminator-col forminator-col-12 \"><div class=\"forminator-field\"><label for=\"forminator-field-url-1_69e49dbe86a3d\" id=\"forminator-field-url-1_69e49dbe86a3d-label\" class=\"forminator-label\">Website <span class=\"forminator-required\">*<\/span><\/label><input type=\"url\" name=\"url-1\" value=\"\" placeholder=\"E.g. http:\/\/www.example.com\" id=\"forminator-field-url-1_69e49dbe86a3d\" class=\"forminator-input forminator-website--field\" data-required=\"1\" aria-required=\"true\" aria-describedby=\"forminator-field-url-1_69e49dbe86a3d-description\" \/><span id=\"forminator-field-url-1_69e49dbe86a3d-description\" class=\"forminator-description\">Company website or social media link<\/span><\/div><\/div><\/div><div class=\"forminator-row\"><div id=\"textarea-1\" class=\"forminator-field-textarea forminator-col forminator-col-12 \"><div class=\"forminator-field\"><label for=\"forminator-field-textarea-1_69e49dbe86a3d\" id=\"forminator-field-textarea-1_69e49dbe86a3d-label\" class=\"forminator-label\">Your Message<\/label><textarea name=\"textarea-1\" placeholder=\"\" id=\"forminator-field-textarea-1_69e49dbe86a3d\" class=\"forminator-textarea\" rows=\"6\" style=\"--forminator-textarea-min-height:140px;\" ><\/textarea><\/div><\/div><\/div><div class=\"forminator-row\" style=\"margin: 0;\"><div id=\"captcha-1\" class=\"forminator-field-captcha  forminator-col-12 \"><div class=\"forminator-captcha-left forminator-g-recaptcha recaptcha-invisible\" data-theme=\"light\" data-badge=\"bottomright\" data-sitekey=\"6LcKyqooAAAAANGB1TvLXGGQSKOQrxSOrMsoH9NU\" data-size=\"invisible\"><\/div> <\/div><\/div><input type=\"hidden\" name=\"referer_url\" value=\"\" \/><div class=\"forminator-row forminator-row-last\"><div class=\"forminator-col\"><div class=\"forminator-field\"><button class=\"forminator-button forminator-button-submit btn btn-color-primary\"><span>SEND A MESSAGE<\/span><span aria-hidden=\"true\"><\/span><\/button><\/div><\/div><\/div><input type=\"hidden\" id=\"forminator_nonce\" name=\"forminator_nonce\" value=\"43d30d91b0\" \/><input type=\"hidden\" name=\"_wp_http_referer\" value=\"\/et\/wp-json\/wp\/v2\/pages\/22465\" \/><input type=\"hidden\" name=\"form_id\" value=\"22422\"><input type=\"hidden\" name=\"page_id\" value=\"22465\"><input type=\"hidden\" name=\"form_type\" value=\"default\"><input type=\"hidden\" name=\"current_url\" value=\"https:\/\/lamisuperbooster.com\/et\/sinu-eksklusiivne-private-label-ehk-omamargitoodete-tootmispartner\/\"><input type=\"hidden\" name=\"render_id\" value=\"0\"><input type=\"hidden\" name=\"action\" value=\"forminator_submit_form_custom-forms\"><label for=\"input_7\" class=\"forminator-hidden\" aria-hidden=\"true\">Please do not fill in this field. <input id=\"input_7\" type=\"text\" name=\"input_7\" value=\"\" autocomplete=\"off\"><\/label><\/form>[\/vc_column_text][\/vc_column][vc_column width=&#8221;1\/4&#8243;][\/vc_column][\/vc_row]\n<h2>Korduma kippuvad k\u00fcsimused<\/h2>\n<p data-path-to-node=\"32\"><b data-path-to-node=\"32\" data-index-in-node=\"0\">Kas teie komplektides kasutatakse tiogl\u00fckool- v\u00f5i ts\u00fcsteamiinlosjoone?<\/b> Toodame m\u00f5lemaid! Saad valida oma komplekti kas meie klassikalised tiogl\u00fckoolip\u00f5hised losjoonid v\u00f5i Korea-stiilis ts\u00fcsteamiin-HCl-p\u00f5hised koostised, olenevalt oma br\u00e4ndi sihtturust. <\/p>\n<p data-path-to-node=\"33\"><b data-path-to-node=\"33\" data-index-in-node=\"0\">Kas saate aidata kosmeetikatoodete registreerimisega Euroopas?<\/b> Jah, pakume vajalikku paberimajandust ja tehnilist dokumentatsiooni, et aidata sinu br\u00e4ndil CPNP registreerimise ja n\u00f5uete t\u00e4itmisega eri riikides.<\/p>\n<p data-path-to-node=\"34\"><b data-path-to-node=\"34\" data-index-in-node=\"0\">Kas ma saan luua oma unikaalse lash lifti tootekoostise?<\/b> Jah, meie arendusmeeskond saab v\u00e4lja t\u00f6\u00f6tada eritellimusel koostisi vastavalt sinu konkreetsetele koostisainete soovidele. Eritellimusel koostiste puhul on minimaalne tellimiskogus 100 kg. <\/p><!-- \/wp:post-content --><\/div>","protected":false},"excerpt":{"rendered":"<p>[vc_row][vc_column][vc_column_text] Lami Super Booster toodab private label lash lifti komplekte ilubr\u00e4ndidele, koolituskeskustele ja salongidele. Vali meie koolutus- ja fikseerimisemulsioonide, lamineerimiskreemide<\/p>\n","protected":false},"author":5,"featured_media":0,"parent":0,"menu_order":0,"comment_status":"closed","ping_status":"closed","template":"","meta":{"inline_featured_image":false,"_kad_blocks_custom_css":"","_kad_blocks_head_custom_js":"","_kad_blocks_body_custom_js":"","_kad_blocks_footer_custom_js":"","_kadence_starter_templates_imported_post":false,"footnotes":""},"class_list":["post-22465","page","type-page","status-publish","hentry"],"taxonomy_info":[],"featured_image_src_large":false,"author_info":{"display_name":"Ryan Alexander","author_link":"https:\/\/lamisuperbooster.com\/et\/blog\/author\/ryanalexander\/"},"comment_info":0,"_links":{"self":[{"href":"https:\/\/lamisuperbooster.com\/et\/wp-json\/wp\/v2\/pages\/22465","targetHints":{"allow":["GET"]}}],"collection":[{"href":"https:\/\/lamisuperbooster.com\/et\/wp-json\/wp\/v2\/pages"}],"about":[{"href":"https:\/\/lamisuperbooster.com\/et\/wp-json\/wp\/v2\/types\/page"}],"author":[{"embeddable":true,"href":"https:\/\/lamisuperbooster.com\/et\/wp-json\/wp\/v2\/users\/5"}],"replies":[{"embeddable":true,"href":"https:\/\/lamisuperbooster.com\/et\/wp-json\/wp\/v2\/comments?post=22465"}],"version-history":[{"count":4,"href":"https:\/\/lamisuperbooster.com\/et\/wp-json\/wp\/v2\/pages\/22465\/revisions"}],"predecessor-version":[{"id":41162,"href":"https:\/\/lamisuperbooster.com\/et\/wp-json\/wp\/v2\/pages\/22465\/revisions\/41162"}],"wp:attachment":[{"href":"https:\/\/lamisuperbooster.com\/et\/wp-json\/wp\/v2\/media?parent=22465"}],"curies":[{"name":"wp","href":"https:\/\/api.w.org\/{rel}","templated":true}]}}